{"id":16783,"date":"2023-11-13T17:39:53","date_gmt":"2023-11-13T14:39:53","guid":{"rendered":"https:\/\/voxel1.wpenginepowered.com\/?post_type=product&#038;p=16783"},"modified":"2023-11-14T14:56:59","modified_gmt":"2023-11-14T11:56:59","slug":"fs621m","status":"publish","type":"product","link":"https:\/\/voxelsa.com\/ar\/product\/fs621m\/","title":{"rendered":"Farsoon FS621M Extra Large-format Metal Production System"},"content":{"rendered":"<p><strong>EXTRA-LARGE BUILD VOLUME WITH 1.1 METER VERTICAL AXIS<\/strong><\/p>\n<p>Developed with a focus on large build size, Farsoon\u2019s FS621M features one of the largest metal laser sintering build volumes on<br \/>\nmarket, with a build plate size of 620\u00d7620mm and vertical axis of 1.1 meter. This expansive build envelope opens new possibilities<br \/>\nfor large-scale metal production that couldn\u2019t be built before in industries such as aerospace, oil and gas, and many others.<\/p>\n<p><strong>BUILD SPEED + HIGH QUALITY<\/strong><\/p>\n<p>The FS621M can be equipped with a powerful single 1000W laser or quad 500W lasers allowing for great rates of production. In<br \/>\naddition the FS621M like all Farsoon systems is a truly open platform which offers the user a high degree of control to tailor build<br \/>\nparameters for cost-competitive metal additive manufacturing. An advanced dynamic 3-axis scanning system, powerful build process<br \/>\ncontrols &amp; real-time recoating monitoring ensuring the best build quality. <\/p>\n<p><strong> OPTIMIZED FOR OPERATIONAL EASE<\/strong><br \/>\nThe FS621M&#8217;s integrated filter module features secondary circulating system and a dual-station filter design that allows for the<br \/>\nexchanging of filters without disturbing the build process. The FS621M powder handling processes share a common powder<br \/>\ncontainer design which are used during loading, unloading and sieving procedures. These containers offer fully-sealed power<br \/>\nhandling, easy transportations between the stations, and safe storage of powder. This partially closed powder system allows for the<br \/>\ncapability of continuous feeding of powder to the build while retaining the ability to easily exchange and monitor powder quality.<\/p>\n<p><strong>FARSOON FS621M TECHNICAL DATA: <\/strong><\/p>\n<p>External Dimensions \uff08L\u00d7W\u00d7H\uff09 5800\u00d74300\u00d74000 mm (228.3\u00d7169.3\u00d7157.5 in)<br \/>\nBuild Cylinder Size\uff081 L\u00d7W\u00d7H\uff09 620\u00d7620\u00d71100mm ( 24.4 \u00d7 24.4 \u00d7 43.3 in ) (not including build plate thickness)<br \/>\nNet Weight Approx. 9000 kg ( 19841.6 lb )<br \/>\nLayer Thickness 0.02~0.1 mm ( 0.0008-0.0039 in )<br \/>\nScanning Speed Max. 15.2 m\/s ( 49.9 ft\/s )<br \/>\nLaser Type Single Laser, 1\u00d71000W Quad Lasers, 4\u00d7500W<br \/>\nScanner F theta lenses or dynamic focusing system<br \/>\nInert Gas Protection Argon\/Nitrogen<br \/>\nAverage Inert Gas Consumption in Process 8 &#8211; 10 L \/ min<br \/>\nOperating System 64 bit Windows 10<br \/>\nComprehensive Software BuildStar, MakeStar\u00ae<br \/>\nKey Software Features Open machine key parameters, real-time build parameter modification, three-dimensional<br \/>\nvisualization, diagnostic functions<br \/>\nData File Format STL<br \/>\nPower Supply EUR\/China: 400V\u00b110%, 3~\/N\/PE, 50Hz, 40A US: transformer sold with machine<br \/>\nOperating Ambient Temperature 22-28\u00b0C ( 71.6-82.4\u2109 )<br \/>\nMaterials2 IN718, HX, AlSi10Mg, HAYNES 230*, TA15*, Ti6Al4V*, IN625*, 316L*,more materials to come<\/p>\n","protected":false},"excerpt":{"rendered":"<p>Addressing the metal manufacturing challenges including productivity, size constraints, powder management, process control and factory layout, Farsoon developed the all-new FS621M by co-innovating with our key industry partner in the aerospace industry, with focuses on extended build cylinder volume and maximum productivity per laser.<\/p>\n<p><strong>Request for a Quote<\/strong>: <a href=\"mailto:info@voxelsa.com\" rel=\"noopener\" target=\"_blank\">info@voxelsa.com<\/a><\/p>\n","protected":false},"featured_media":16784,"template":"","meta":{"_acf_changed":false},"product_brand":[],"product_cat":[952],"product_tag":[],"class_list":{"0":"post-16783","1":"product","2":"type-product","3":"status-publish","4":"has-post-thumbnail","6":"product_cat--slm","8":"first","9":"onbackorder","10":"taxable","11":"shipping-taxable","12":"product-type-simple"},"bundled_by":[],"bundle_stock_status":"onbackorder","bundle_stock_quantity":null,"bundle_virtual":false,"bundle_layout":"","bundle_add_to_cart_form_location":"","bundle_editable_in_cart":false,"bundle_sold_individually_context":"","bundle_item_grouping":"","bundle_min_size":"","bundle_max_size":"","bundled_items":[],"bundle_sell_ids":[],"acf":[],"yoast_head":"<!-- This site is optimized with the Yoast SEO plugin v26.3 - https:\/\/yoast.com\/wordpress\/plugins\/seo\/ -->\n<title>Farsoon FS621M Extra Large-format Metal Production System - 3D voxel \u0641\u0648\u0643\u0633\u0644<\/title>\n<meta name=\"robots\" content=\"index, follow, max-snippet:-1, max-image-preview:large, max-video-preview:-1\" \/>\n<link rel=\"canonical\" href=\"https:\/\/voxelsa.com\/product\/fs621m\/\" \/>\n<meta property=\"og:locale\" content=\"ar_AR\" \/>\n<meta property=\"og:type\" content=\"article\" \/>\n<meta property=\"og:title\" content=\"Farsoon FS621M Extra Large-format Metal Production System - 3D voxel \u0641\u0648\u0643\u0633\u0644\" \/>\n<meta property=\"og:description\" content=\"Addressing the metal manufacturing challenges including productivity, size constraints, powder management, process control and factory layout, Farsoon developed the all-new FS621M by co-innovating with our key industry partner in the aerospace industry, with focuses on extended build cylinder volume and maximum productivity per laser.  Request for a Quote: info@voxelsa.com\" \/>\n<meta property=\"og:url\" content=\"https:\/\/voxelsa.com\/product\/fs621m\/\" \/>\n<meta property=\"og:site_name\" content=\"3D voxel \u0641\u0648\u0643\u0633\u0644\" \/>\n<meta property=\"article:modified_time\" content=\"2023-11-14T11:56:59+00:00\" \/>\n<meta property=\"og:image\" content=\"https:\/\/voxelsa.com\/wp-content\/uploads\/2023\/06\/FS621M-4.png\" \/>\n\t<meta property=\"og:image:width\" content=\"771\" \/>\n\t<meta property=\"og:image:height\" content=\"484\" \/>\n\t<meta property=\"og:image:type\" content=\"image\/png\" \/>\n<meta name=\"twitter:card\" content=\"summary_large_image\" \/>\n<meta name=\"twitter:site\" content=\"@KsaVoxel\" \/>\n<meta name=\"twitter:label1\" content=\"\u0648\u0642\u062a \u0627\u0644\u0642\u0631\u0627\u0621\u0629 \u0627\u0644\u0645\u064f\u0642\u062f\u0651\u0631\" \/>\n\t<meta name=\"twitter:data1\" content=\"\u062f\u0642\u064a\u0642\u062a\u0627\u0646\" \/>\n<script type=\"application\/ld+json\" class=\"yoast-schema-graph\">{\"@context\":\"https:\/\/schema.org\",\"@graph\":[{\"@type\":\"WebPage\",\"@id\":\"https:\/\/voxelsa.com\/product\/fs621m\/\",\"url\":\"https:\/\/voxelsa.com\/product\/fs621m\/\",\"name\":\"Farsoon FS621M Extra Large-format Metal Production System - 3D voxel \u0641\u0648\u0643\u0633\u0644\",\"isPartOf\":{\"@id\":\"https:\/\/voxelsa.com\/ar\/#website\"},\"primaryImageOfPage\":{\"@id\":\"https:\/\/voxelsa.com\/product\/fs621m\/#primaryimage\"},\"image\":{\"@id\":\"https:\/\/voxelsa.com\/product\/fs621m\/#primaryimage\"},\"thumbnailUrl\":\"https:\/\/voxelsa.com\/wp-content\/uploads\/2023\/06\/FS621M-4.png\",\"datePublished\":\"2023-11-13T14:39:53+00:00\",\"dateModified\":\"2023-11-14T11:56:59+00:00\",\"breadcrumb\":{\"@id\":\"https:\/\/voxelsa.com\/product\/fs621m\/#breadcrumb\"},\"inLanguage\":\"ar\",\"potentialAction\":[{\"@type\":\"ReadAction\",\"target\":[\"https:\/\/voxelsa.com\/product\/fs621m\/\"]}]},{\"@type\":\"ImageObject\",\"inLanguage\":\"ar\",\"@id\":\"https:\/\/voxelsa.com\/product\/fs621m\/#primaryimage\",\"url\":\"https:\/\/voxelsa.com\/wp-content\/uploads\/2023\/06\/FS621M-4.png\",\"contentUrl\":\"https:\/\/voxelsa.com\/wp-content\/uploads\/2023\/06\/FS621M-4.png\",\"width\":771,\"height\":484},{\"@type\":\"BreadcrumbList\",\"@id\":\"https:\/\/voxelsa.com\/product\/fs621m\/#breadcrumb\",\"itemListElement\":[{\"@type\":\"ListItem\",\"position\":1,\"name\":\"Home\",\"item\":\"https:\/\/voxelsa.com\/ar\/\"},{\"@type\":\"ListItem\",\"position\":2,\"name\":\"\u0627\u0644\u0645\u062a\u062c\u0631\",\"item\":\"https:\/\/voxelsa.com\/ar\/%d8%a7%d9%84%d9%85%d8%aa%d8%ac%d8%b1\/\"},{\"@type\":\"ListItem\",\"position\":3,\"name\":\"Farsoon FS621M Extra Large-format Metal Production System\"}]},{\"@type\":\"WebSite\",\"@id\":\"https:\/\/voxelsa.com\/ar\/#website\",\"url\":\"https:\/\/voxelsa.com\/ar\/\",\"name\":\"3D voxel \u0641\u0648\u0643\u0633\u0644\",\"description\":\"\u0637\u0627\u0628\u0639\u0627\u062a \u062b\u0644\u0627\u062b\u064a\u0629 \u0627\u0644\u0623\u0628\u0639\u0627\u062f\",\"potentialAction\":[{\"@type\":\"SearchAction\",\"target\":{\"@type\":\"EntryPoint\",\"urlTemplate\":\"https:\/\/voxelsa.com\/ar\/?s={search_term_string}\"},\"query-input\":{\"@type\":\"PropertyValueSpecification\",\"valueRequired\":true,\"valueName\":\"search_term_string\"}}],\"inLanguage\":\"ar\"}]}<\/script>\n<!-- \/ Yoast SEO plugin. -->","yoast_head_json":{"title":"Farsoon FS621M Extra Large-format Metal Production System - 3D voxel \u0641\u0648\u0643\u0633\u0644","robots":{"index":"index","follow":"follow","max-snippet":"max-snippet:-1","max-image-preview":"max-image-preview:large","max-video-preview":"max-video-preview:-1"},"canonical":"https:\/\/voxelsa.com\/product\/fs621m\/","og_locale":"ar_AR","og_type":"article","og_title":"Farsoon FS621M Extra Large-format Metal Production System - 3D voxel \u0641\u0648\u0643\u0633\u0644","og_description":"Addressing the metal manufacturing challenges including productivity, size constraints, powder management, process control and factory layout, Farsoon developed the all-new FS621M by co-innovating with our key industry partner in the aerospace industry, with focuses on extended build cylinder volume and maximum productivity per laser.  Request for a Quote: info@voxelsa.com","og_url":"https:\/\/voxelsa.com\/product\/fs621m\/","og_site_name":"3D voxel \u0641\u0648\u0643\u0633\u0644","article_modified_time":"2023-11-14T11:56:59+00:00","og_image":[{"width":771,"height":484,"url":"https:\/\/voxelsa.com\/wp-content\/uploads\/2023\/06\/FS621M-4.png","type":"image\/png"}],"twitter_card":"summary_large_image","twitter_site":"@KsaVoxel","twitter_misc":{"\u0648\u0642\u062a \u0627\u0644\u0642\u0631\u0627\u0621\u0629 \u0627\u0644\u0645\u064f\u0642\u062f\u0651\u0631":"\u062f\u0642\u064a\u0642\u062a\u0627\u0646"},"schema":{"@context":"https:\/\/schema.org","@graph":[{"@type":"WebPage","@id":"https:\/\/voxelsa.com\/product\/fs621m\/","url":"https:\/\/voxelsa.com\/product\/fs621m\/","name":"Farsoon FS621M Extra Large-format Metal Production System - 3D voxel \u0641\u0648\u0643\u0633\u0644","isPartOf":{"@id":"https:\/\/voxelsa.com\/ar\/#website"},"primaryImageOfPage":{"@id":"https:\/\/voxelsa.com\/product\/fs621m\/#primaryimage"},"image":{"@id":"https:\/\/voxelsa.com\/product\/fs621m\/#primaryimage"},"thumbnailUrl":"https:\/\/voxelsa.com\/wp-content\/uploads\/2023\/06\/FS621M-4.png","datePublished":"2023-11-13T14:39:53+00:00","dateModified":"2023-11-14T11:56:59+00:00","breadcrumb":{"@id":"https:\/\/voxelsa.com\/product\/fs621m\/#breadcrumb"},"inLanguage":"ar","potentialAction":[{"@type":"ReadAction","target":["https:\/\/voxelsa.com\/product\/fs621m\/"]}]},{"@type":"ImageObject","inLanguage":"ar","@id":"https:\/\/voxelsa.com\/product\/fs621m\/#primaryimage","url":"https:\/\/voxelsa.com\/wp-content\/uploads\/2023\/06\/FS621M-4.png","contentUrl":"https:\/\/voxelsa.com\/wp-content\/uploads\/2023\/06\/FS621M-4.png","width":771,"height":484},{"@type":"BreadcrumbList","@id":"https:\/\/voxelsa.com\/product\/fs621m\/#breadcrumb","itemListElement":[{"@type":"ListItem","position":1,"name":"Home","item":"https:\/\/voxelsa.com\/ar\/"},{"@type":"ListItem","position":2,"name":"\u0627\u0644\u0645\u062a\u062c\u0631","item":"https:\/\/voxelsa.com\/ar\/%d8%a7%d9%84%d9%85%d8%aa%d8%ac%d8%b1\/"},{"@type":"ListItem","position":3,"name":"Farsoon FS621M Extra Large-format Metal Production System"}]},{"@type":"WebSite","@id":"https:\/\/voxelsa.com\/ar\/#website","url":"https:\/\/voxelsa.com\/ar\/","name":"3D voxel \u0641\u0648\u0643\u0633\u0644","description":"\u0637\u0627\u0628\u0639\u0627\u062a \u062b\u0644\u0627\u062b\u064a\u0629 \u0627\u0644\u0623\u0628\u0639\u0627\u062f","potentialAction":[{"@type":"SearchAction","target":{"@type":"EntryPoint","urlTemplate":"https:\/\/voxelsa.com\/ar\/?s={search_term_string}"},"query-input":{"@type":"PropertyValueSpecification","valueRequired":true,"valueName":"search_term_string"}}],"inLanguage":"ar"}]}},"_links":{"self":[{"href":"https:\/\/voxelsa.com\/ar\/wp-json\/wp\/v2\/product\/16783","targetHints":{"allow":["GET"]}}],"collection":[{"href":"https:\/\/voxelsa.com\/ar\/wp-json\/wp\/v2\/product"}],"about":[{"href":"https:\/\/voxelsa.com\/ar\/wp-json\/wp\/v2\/types\/product"}],"wp:featuredmedia":[{"embeddable":true,"href":"https:\/\/voxelsa.com\/ar\/wp-json\/wp\/v2\/media\/16784"}],"wp:attachment":[{"href":"https:\/\/voxelsa.com\/ar\/wp-json\/wp\/v2\/media?parent=16783"}],"wp:term":[{"taxonomy":"product_brand","embeddable":true,"href":"https:\/\/voxelsa.com\/ar\/wp-json\/wp\/v2\/product_brand?post=16783"},{"taxonomy":"product_cat","embeddable":true,"href":"https:\/\/voxelsa.com\/ar\/wp-json\/wp\/v2\/product_cat?post=16783"},{"taxonomy":"product_tag","embeddable":true,"href":"https:\/\/voxelsa.com\/ar\/wp-json\/wp\/v2\/product_tag?post=16783"}],"curies":[{"name":"wp","href":"https:\/\/api.w.org\/{rel}","templated":true}]}}