{"id":16788,"date":"2023-11-13T17:40:12","date_gmt":"2023-11-13T14:40:12","guid":{"rendered":"https:\/\/voxel1.wpenginepowered.com\/?post_type=product&#038;p=16788"},"modified":"2023-11-14T14:57:11","modified_gmt":"2023-11-14T11:57:11","slug":"fs721m-designed-for-large-format-metal-production","status":"publish","type":"product","link":"https:\/\/voxelsa.com\/ar\/product\/fs721m-designed-for-large-format-metal-production\/","title":{"rendered":"Farsoon FS721M &#8211; Large-Format, Multi-laser Metal Platform"},"content":{"rendered":"<p><strong>PRODUCTION READY<\/strong><br \/>\nDeveloped with an industry-leading build volume of 720\u00d7420\u00d7420mm, combined with powerful dual\/quad 500W or eight 1000W<br \/>\nlaser options, Farsoon&#8217;s FS721M is able to achieve significantly increased throughput for large-scale parts or extended industrial<br \/>\nseries production. <\/p>\n<p><strong>PRECISION + QUALITY<\/strong><br \/>\nFarsoon&#8217;s advanced software control and precise scanning system allows uniformed performance in multi-laser overlap zones.<br \/>\nContinuous powder feeding, optimized gas flow and integrated filter module allows for uniformed melting process of metal powder.<br \/>\nPowerful build process controls &amp; real-time re-coating monitoring ensuring the top industrial build quality.<\/p>\n<p><strong>EASE OF USE<\/strong><br \/>\nThe FS721M&#8217;s integrated conveyer system, breakout station and advanced powder handling system allows for an efficient and safe<br \/>\nbuild cylinder transportation and fully-sealed de-powdering process. Features such as advanced calibration and electric leveling<br \/>\nallow for streamlined workflow. In addition like all Farsoon machines the FS721M is a truly open platform which offers the user a<br \/>\nhigh degree of control to tailor processing parameters for industrial application requirements or cost-competitive metal additive<br \/>\nmanufacturing. <\/p>\n<p><strong>FARSOON FS721M  TECHNICAL DATA<\/strong><\/p>\n<p>External Dimensions \uff08L\u00d7W\u00d7H\uff09 6610mm\u00d71830mm\u00d72500mm (260.2\u00d772.0\u00d798.4 in)<br \/>\nBuild Cylinder Size\uff081 L\u00d7W\u00d7H\uff09 720\u00d7420\u00d7420 mm ( 28.3\u00d716.5\u00d716.5 in ) (not including build plate thickness)<br \/>\nNet Weight Approx. 5000 kg (11023.1 lb)<br \/>\nLayer Thickness 0.02~0.1 mm ( 0.0008-0.0039 in )<br \/>\nScanning Speed Max. 10.0 m\/s ( 32.8 ft\/s )<br \/>\nLaser Type<br \/>\nScanner<br \/>\nInert Gas Protection Argon\/Nitrogen<br \/>\nAverage Inert Gas Consumption in Process 6-8 L \/ min<br \/>\nOperating System 64 bit Windows 10<br \/>\nComprehensive Software BuildStar, MakeStar\u00ae<br \/>\nKey Software Features Open machine key parameters, real-time build parameter modification, three-dimensional<br \/>\nvisualization, diagnostic functions<br \/>\nData File Format STL<br \/>\nPower Supply EUR\/China: 400V\u00b110%, 3~\/N\/PE, 50Hz, 32A\/40A US: transformer sold with machine<br \/>\nOperating Ambient Temperature 22-28\u00b0C ( 71.6-82.4\u2109 )<br \/>\nMaterials2 316L, TA15, Ti6Al4V, AlSi10Mg*, IN718*, HX*, Maraging Steel Grade 300*, more materials to come<\/p>\n","protected":false},"excerpt":{"rendered":"<p>Addressing the challenges in metal manufacturing focusing around size constraints, process control, cost-efficiency and production scalability, Farsoon developed the FS721M with an industry-leading build volume of 720 x 420 x 420 mm and equipped with 2 or 4 lasers with 500W each. The FS721M 8-laser configuration is currently under Beta status. It offers many unique capabilities featuring productivity, quality, operational ease and best cost-to-performance.<\/p>\n<p><strong>Request for a Quote<\/strong>: <a href=\"mailto:info@voxelsa.com\" rel=\"noopener\" target=\"_blank\">info@voxelsa.com<\/a><\/p>\n","protected":false},"featured_media":16789,"template":"","meta":{"_acf_changed":false},"product_brand":[],"product_cat":[952],"product_tag":[],"class_list":{"0":"post-16788","1":"product","2":"type-product","3":"status-publish","4":"has-post-thumbnail","6":"product_cat--slm","8":"first","9":"onbackorder","10":"taxable","11":"shipping-taxable","12":"product-type-simple"},"bundled_by":[],"bundle_stock_status":"onbackorder","bundle_stock_quantity":null,"bundle_virtual":false,"bundle_layout":"","bundle_add_to_cart_form_location":"","bundle_editable_in_cart":false,"bundle_sold_individually_context":"","bundle_item_grouping":"","bundle_min_size":"","bundle_max_size":"","bundled_items":[],"bundle_sell_ids":[],"acf":[],"yoast_head":"<!-- This site is optimized with the Yoast SEO plugin v26.3 - https:\/\/yoast.com\/wordpress\/plugins\/seo\/ -->\n<title>Farsoon FS721M - Large-Format, Multi-laser Metal Platform - 3D voxel \u0641\u0648\u0643\u0633\u0644<\/title>\n<meta name=\"robots\" content=\"index, follow, max-snippet:-1, max-image-preview:large, max-video-preview:-1\" \/>\n<link rel=\"canonical\" href=\"https:\/\/voxelsa.com\/product\/fs721m-designed-for-large-format-metal-production\/\" \/>\n<meta property=\"og:locale\" content=\"ar_AR\" \/>\n<meta property=\"og:type\" content=\"article\" \/>\n<meta property=\"og:title\" content=\"Farsoon FS721M - Large-Format, Multi-laser Metal Platform - 3D voxel \u0641\u0648\u0643\u0633\u0644\" \/>\n<meta property=\"og:description\" content=\"Addressing the challenges in metal manufacturing focusing around size constraints, process control, cost-efficiency and production scalability, Farsoon developed the FS721M with an industry-leading build volume of 720 x 420 x 420 mm and equipped with 2 or 4 lasers with 500W each. The FS721M 8-laser configuration is currently under Beta status. It offers many unique capabilities featuring productivity, quality, operational ease and best cost-to-performance.  Request for a Quote: info@voxelsa.com\" \/>\n<meta property=\"og:url\" content=\"https:\/\/voxelsa.com\/product\/fs721m-designed-for-large-format-metal-production\/\" \/>\n<meta property=\"og:site_name\" content=\"3D voxel \u0641\u0648\u0643\u0633\u0644\" \/>\n<meta property=\"article:modified_time\" content=\"2023-11-14T11:57:11+00:00\" \/>\n<meta property=\"og:image\" content=\"https:\/\/voxelsa.com\/wp-content\/uploads\/2023\/06\/FS721M-8.png\" \/>\n\t<meta property=\"og:image:width\" content=\"771\" \/>\n\t<meta property=\"og:image:height\" content=\"484\" \/>\n\t<meta property=\"og:image:type\" content=\"image\/png\" \/>\n<meta name=\"twitter:card\" content=\"summary_large_image\" \/>\n<meta name=\"twitter:site\" content=\"@KsaVoxel\" \/>\n<meta name=\"twitter:label1\" content=\"\u0648\u0642\u062a \u0627\u0644\u0642\u0631\u0627\u0621\u0629 \u0627\u0644\u0645\u064f\u0642\u062f\u0651\u0631\" \/>\n\t<meta name=\"twitter:data1\" content=\"1 \u062f\u0642\u064a\u0642\u0629\" \/>\n<script type=\"application\/ld+json\" class=\"yoast-schema-graph\">{\"@context\":\"https:\/\/schema.org\",\"@graph\":[{\"@type\":\"WebPage\",\"@id\":\"https:\/\/voxelsa.com\/product\/fs721m-designed-for-large-format-metal-production\/\",\"url\":\"https:\/\/voxelsa.com\/product\/fs721m-designed-for-large-format-metal-production\/\",\"name\":\"Farsoon FS721M - Large-Format, Multi-laser Metal Platform - 3D voxel \u0641\u0648\u0643\u0633\u0644\",\"isPartOf\":{\"@id\":\"https:\/\/voxelsa.com\/ar\/#website\"},\"primaryImageOfPage\":{\"@id\":\"https:\/\/voxelsa.com\/product\/fs721m-designed-for-large-format-metal-production\/#primaryimage\"},\"image\":{\"@id\":\"https:\/\/voxelsa.com\/product\/fs721m-designed-for-large-format-metal-production\/#primaryimage\"},\"thumbnailUrl\":\"https:\/\/voxelsa.com\/wp-content\/uploads\/2023\/06\/FS721M-8.png\",\"datePublished\":\"2023-11-13T14:40:12+00:00\",\"dateModified\":\"2023-11-14T11:57:11+00:00\",\"breadcrumb\":{\"@id\":\"https:\/\/voxelsa.com\/product\/fs721m-designed-for-large-format-metal-production\/#breadcrumb\"},\"inLanguage\":\"ar\",\"potentialAction\":[{\"@type\":\"ReadAction\",\"target\":[\"https:\/\/voxelsa.com\/product\/fs721m-designed-for-large-format-metal-production\/\"]}]},{\"@type\":\"ImageObject\",\"inLanguage\":\"ar\",\"@id\":\"https:\/\/voxelsa.com\/product\/fs721m-designed-for-large-format-metal-production\/#primaryimage\",\"url\":\"https:\/\/voxelsa.com\/wp-content\/uploads\/2023\/06\/FS721M-8.png\",\"contentUrl\":\"https:\/\/voxelsa.com\/wp-content\/uploads\/2023\/06\/FS721M-8.png\",\"width\":771,\"height\":484},{\"@type\":\"BreadcrumbList\",\"@id\":\"https:\/\/voxelsa.com\/product\/fs721m-designed-for-large-format-metal-production\/#breadcrumb\",\"itemListElement\":[{\"@type\":\"ListItem\",\"position\":1,\"name\":\"Home\",\"item\":\"https:\/\/voxelsa.com\/ar\/\"},{\"@type\":\"ListItem\",\"position\":2,\"name\":\"\u0627\u0644\u0645\u062a\u062c\u0631\",\"item\":\"https:\/\/voxelsa.com\/ar\/%d8%a7%d9%84%d9%85%d8%aa%d8%ac%d8%b1\/\"},{\"@type\":\"ListItem\",\"position\":3,\"name\":\"Farsoon FS721M &#8211; Large-Format, Multi-laser Metal Platform\"}]},{\"@type\":\"WebSite\",\"@id\":\"https:\/\/voxelsa.com\/ar\/#website\",\"url\":\"https:\/\/voxelsa.com\/ar\/\",\"name\":\"3D voxel \u0641\u0648\u0643\u0633\u0644\",\"description\":\"\u0637\u0627\u0628\u0639\u0627\u062a \u062b\u0644\u0627\u062b\u064a\u0629 \u0627\u0644\u0623\u0628\u0639\u0627\u062f\",\"potentialAction\":[{\"@type\":\"SearchAction\",\"target\":{\"@type\":\"EntryPoint\",\"urlTemplate\":\"https:\/\/voxelsa.com\/ar\/?s={search_term_string}\"},\"query-input\":{\"@type\":\"PropertyValueSpecification\",\"valueRequired\":true,\"valueName\":\"search_term_string\"}}],\"inLanguage\":\"ar\"}]}<\/script>\n<!-- \/ Yoast SEO plugin. -->","yoast_head_json":{"title":"Farsoon FS721M - Large-Format, Multi-laser Metal Platform - 3D voxel \u0641\u0648\u0643\u0633\u0644","robots":{"index":"index","follow":"follow","max-snippet":"max-snippet:-1","max-image-preview":"max-image-preview:large","max-video-preview":"max-video-preview:-1"},"canonical":"https:\/\/voxelsa.com\/product\/fs721m-designed-for-large-format-metal-production\/","og_locale":"ar_AR","og_type":"article","og_title":"Farsoon FS721M - Large-Format, Multi-laser Metal Platform - 3D voxel \u0641\u0648\u0643\u0633\u0644","og_description":"Addressing the challenges in metal manufacturing focusing around size constraints, process control, cost-efficiency and production scalability, Farsoon developed the FS721M with an industry-leading build volume of 720 x 420 x 420 mm and equipped with 2 or 4 lasers with 500W each. The FS721M 8-laser configuration is currently under Beta status. It offers many unique capabilities featuring productivity, quality, operational ease and best cost-to-performance.  Request for a Quote: info@voxelsa.com","og_url":"https:\/\/voxelsa.com\/product\/fs721m-designed-for-large-format-metal-production\/","og_site_name":"3D voxel \u0641\u0648\u0643\u0633\u0644","article_modified_time":"2023-11-14T11:57:11+00:00","og_image":[{"width":771,"height":484,"url":"https:\/\/voxelsa.com\/wp-content\/uploads\/2023\/06\/FS721M-8.png","type":"image\/png"}],"twitter_card":"summary_large_image","twitter_site":"@KsaVoxel","twitter_misc":{"\u0648\u0642\u062a \u0627\u0644\u0642\u0631\u0627\u0621\u0629 \u0627\u0644\u0645\u064f\u0642\u062f\u0651\u0631":"1 \u062f\u0642\u064a\u0642\u0629"},"schema":{"@context":"https:\/\/schema.org","@graph":[{"@type":"WebPage","@id":"https:\/\/voxelsa.com\/product\/fs721m-designed-for-large-format-metal-production\/","url":"https:\/\/voxelsa.com\/product\/fs721m-designed-for-large-format-metal-production\/","name":"Farsoon FS721M - Large-Format, Multi-laser Metal Platform - 3D voxel \u0641\u0648\u0643\u0633\u0644","isPartOf":{"@id":"https:\/\/voxelsa.com\/ar\/#website"},"primaryImageOfPage":{"@id":"https:\/\/voxelsa.com\/product\/fs721m-designed-for-large-format-metal-production\/#primaryimage"},"image":{"@id":"https:\/\/voxelsa.com\/product\/fs721m-designed-for-large-format-metal-production\/#primaryimage"},"thumbnailUrl":"https:\/\/voxelsa.com\/wp-content\/uploads\/2023\/06\/FS721M-8.png","datePublished":"2023-11-13T14:40:12+00:00","dateModified":"2023-11-14T11:57:11+00:00","breadcrumb":{"@id":"https:\/\/voxelsa.com\/product\/fs721m-designed-for-large-format-metal-production\/#breadcrumb"},"inLanguage":"ar","potentialAction":[{"@type":"ReadAction","target":["https:\/\/voxelsa.com\/product\/fs721m-designed-for-large-format-metal-production\/"]}]},{"@type":"ImageObject","inLanguage":"ar","@id":"https:\/\/voxelsa.com\/product\/fs721m-designed-for-large-format-metal-production\/#primaryimage","url":"https:\/\/voxelsa.com\/wp-content\/uploads\/2023\/06\/FS721M-8.png","contentUrl":"https:\/\/voxelsa.com\/wp-content\/uploads\/2023\/06\/FS721M-8.png","width":771,"height":484},{"@type":"BreadcrumbList","@id":"https:\/\/voxelsa.com\/product\/fs721m-designed-for-large-format-metal-production\/#breadcrumb","itemListElement":[{"@type":"ListItem","position":1,"name":"Home","item":"https:\/\/voxelsa.com\/ar\/"},{"@type":"ListItem","position":2,"name":"\u0627\u0644\u0645\u062a\u062c\u0631","item":"https:\/\/voxelsa.com\/ar\/%d8%a7%d9%84%d9%85%d8%aa%d8%ac%d8%b1\/"},{"@type":"ListItem","position":3,"name":"Farsoon FS721M &#8211; Large-Format, Multi-laser Metal Platform"}]},{"@type":"WebSite","@id":"https:\/\/voxelsa.com\/ar\/#website","url":"https:\/\/voxelsa.com\/ar\/","name":"3D voxel \u0641\u0648\u0643\u0633\u0644","description":"\u0637\u0627\u0628\u0639\u0627\u062a \u062b\u0644\u0627\u062b\u064a\u0629 \u0627\u0644\u0623\u0628\u0639\u0627\u062f","potentialAction":[{"@type":"SearchAction","target":{"@type":"EntryPoint","urlTemplate":"https:\/\/voxelsa.com\/ar\/?s={search_term_string}"},"query-input":{"@type":"PropertyValueSpecification","valueRequired":true,"valueName":"search_term_string"}}],"inLanguage":"ar"}]}},"_links":{"self":[{"href":"https:\/\/voxelsa.com\/ar\/wp-json\/wp\/v2\/product\/16788","targetHints":{"allow":["GET"]}}],"collection":[{"href":"https:\/\/voxelsa.com\/ar\/wp-json\/wp\/v2\/product"}],"about":[{"href":"https:\/\/voxelsa.com\/ar\/wp-json\/wp\/v2\/types\/product"}],"wp:featuredmedia":[{"embeddable":true,"href":"https:\/\/voxelsa.com\/ar\/wp-json\/wp\/v2\/media\/16789"}],"wp:attachment":[{"href":"https:\/\/voxelsa.com\/ar\/wp-json\/wp\/v2\/media?parent=16788"}],"wp:term":[{"taxonomy":"product_brand","embeddable":true,"href":"https:\/\/voxelsa.com\/ar\/wp-json\/wp\/v2\/product_brand?post=16788"},{"taxonomy":"product_cat","embeddable":true,"href":"https:\/\/voxelsa.com\/ar\/wp-json\/wp\/v2\/product_cat?post=16788"},{"taxonomy":"product_tag","embeddable":true,"href":"https:\/\/voxelsa.com\/ar\/wp-json\/wp\/v2\/product_tag?post=16788"}],"curies":[{"name":"wp","href":"https:\/\/api.w.org\/{rel}","templated":true}]}}