{"id":16798,"date":"2023-11-13T17:30:17","date_gmt":"2023-11-13T14:30:17","guid":{"rendered":"https:\/\/voxel1.wpenginepowered.com\/?post_type=product&#038;p=16798"},"modified":"2023-11-14T15:07:30","modified_gmt":"2023-11-14T12:07:30","slug":"fs421m-cams","status":"publish","type":"product","link":"https:\/\/voxelsa.com\/ar\/product\/fs421m-cams\/","title":{"rendered":"Farsoon FS421M Medium-Large Scale Metal Laser Sintering System"},"content":{"rendered":"<p><strong>DESIGNED FOR PRODUCTION<\/strong><br \/>\nThe FS421M additive metal melting system is a true manufacturing systems capable continuous production. With its 425x425x420mm<br \/>\nbuild cylinder the FS421M is capable of producing large metal parts from a wide range of metal powder materials. The large build<br \/>\nvolume combined with a multi-laser and fully digital optics system enable enhanced production speed while the internal rail system<br \/>\nenables the fast exchange of cylinders between builds.<\/p>\n<p><strong>EFFICIENCY + SAFETY<\/strong><br \/>\nThe FS421M comes equipped with an all new closed looped powder handling system. Powder supply, transport, feeding, and<br \/>\nrecycling are all integrated into one inert system. The FS421M&#8217;s powerful and highly efficient air filtration systems allows for the<br \/>\nprocessing of reactive materials while it&#8217;s high capacity and auto-cleaning capability allows for extended use between filter changes.<\/p>\n<p><strong>OPEN SYSTEM<\/strong><br \/>\nThe FS421M like all Farsoon systems allows for complete freedom of operation by its users. This means that all machine parameters<br \/>\nare unlocked for the user as well as an open material policy allowing for previously-impossible levels of freedom and flexibility<br \/>\nwhen it comes to additive metal melting production. In addition, the in house Farsoon software allows for ease of use with both an<br \/>\nadvanced user interface as well as a touch screen based production interface for everyday use. <\/p>\n<p><strong>FARSOON FS421M TECHNICAL DAT <\/strong><\/p>\n<p>External Dimensions \uff08L\u00d7W\u00d7H\uff09 2770\u00d73220\u00d72350 mm (109.1\u00d7126.8\u00d792.5 in)<br \/>\nBuild Cylinder Size\uff081 L\u00d7W\u00d7H\uff09 425\u00d7425\u00d7420 mm ( 16.7\u00d716.7\u00d716.5 in ) (not including build plate thickness)<br \/>\nNet Weight Approx. 3450kg ( 7605.9 lb ) (Single-laser) \/ 3500kg ( 7716.2 lb ) (Dual-laser)<br \/>\nLayer Thickness 0.02~0.1 mm ( 0.0008-0.0039 in )<br \/>\nScanning Speed Max. 15.2 m\/s ( 49.9 ft\/s )<br \/>\nLaser Type Single Laser, 1\u00d7500W Dual Lasers, 2\u00d7500W<br \/>\nScanner Dynamic focusing system<br \/>\nInert Gas Protection Argon\/Nitrogen<br \/>\nAverage Inert Gas Consumption in Process 3-5 L \/ min<br \/>\nOperating System 64 bit Windows 10<br \/>\nComprehensive Software BuildStar, MakeStar\u00ae<br \/>\nKey Software Features Open machine key parameters, real-time build parameter modification, three-dimensional<br \/>\nvisualization, diagnostic functions<br \/>\nData File Format STL<br \/>\nPower Supply EUR\/China: 400V\u00b110%, 3~\/N\/PE, 50Hz, 32A US: transformer sold with machine<br \/>\nOperating Ambient Temperature 22-28\u00b0C ( 71.6-82.4\u2109 )<br \/>\nMaterials2 316L, HX, HAYNES 230*, IN718, IN625, AlSi10Mg, AlMgScZr, TA15, Ti6Al4V, CuSn10,<br \/>\nmore materials to come<\/p>\n","protected":false},"excerpt":{"rendered":"<p><strong>Introducing CAMS FS421M<\/strong><br \/>\nCAMS &#8211; Continuous Additive Manufacturing Solution, is developed to address the growing movement of the additive industry into true manufacturing as well as future models of production such as Industry 4.0. The CAMS vision is to offer continuous AM production through vertical scalability and modularization capable of integrating into any industrial manufacturing facility. FS421M is the first metal system designed under CAMS concept for industrial scale series production.<\/p>\n<p>Turbine Cooling Testbed<br \/>\nMachine: FS421M-2<br \/>\nMaterial: Titanium<br \/>\nSize: 365 x 365 x 320 (H) mm<br \/>\nBuild Time: 126 Hours<\/p>\n<p><img fetchpriority=\"high\" decoding=\"async\" src=\"https:\/\/voxelsa.com\/wp-content\/uploads\/2023\/06\/fs421yy3.jpg\" alt=\"\" width=\"650\" height=\"501\" class=\"aligncenter size-full wp-image-16801\" srcset=\"https:\/\/voxelsa.com\/wp-content\/uploads\/2023\/06\/fs421yy3.jpg 650w, https:\/\/voxelsa.com\/wp-content\/uploads\/2023\/06\/fs421yy3-467x360.jpg 467w\" sizes=\"(max-width: 650px) 100vw, 650px\" \/><\/p>\n<p><strong>Request for a Quote<\/strong>: <a href=\"mailto:info@voxelsa.com\" rel=\"noopener\" target=\"_blank\">info@voxelsa.com<\/a><\/p>\n","protected":false},"featured_media":16799,"template":"","meta":{"_acf_changed":false},"product_brand":[],"product_cat":[952],"product_tag":[],"class_list":{"0":"post-16798","1":"product","2":"type-product","3":"status-publish","4":"has-post-thumbnail","6":"product_cat--slm","8":"first","9":"onbackorder","10":"taxable","11":"shipping-taxable","12":"product-type-simple"},"bundled_by":[],"bundle_stock_status":"onbackorder","bundle_stock_quantity":null,"bundle_virtual":false,"bundle_layout":"","bundle_add_to_cart_form_location":"","bundle_editable_in_cart":false,"bundle_sold_individually_context":"","bundle_item_grouping":"","bundle_min_size":"","bundle_max_size":"","bundled_items":[],"bundle_sell_ids":[],"acf":[],"yoast_head":"<!-- This site is optimized with the Yoast SEO plugin v26.3 - https:\/\/yoast.com\/wordpress\/plugins\/seo\/ -->\n<title>Farsoon FS421M Medium-Large Scale Metal Laser Sintering System - 3D voxel \u0641\u0648\u0643\u0633\u0644<\/title>\n<meta name=\"robots\" content=\"index, follow, max-snippet:-1, max-image-preview:large, max-video-preview:-1\" \/>\n<link rel=\"canonical\" href=\"https:\/\/voxelsa.com\/product\/fs421m-cams\/\" \/>\n<meta property=\"og:locale\" content=\"ar_AR\" \/>\n<meta property=\"og:type\" content=\"article\" \/>\n<meta property=\"og:title\" content=\"Farsoon FS421M Medium-Large Scale Metal Laser Sintering System - 3D voxel \u0641\u0648\u0643\u0633\u0644\" \/>\n<meta property=\"og:description\" content=\"Introducing CAMS FS421M CAMS - Continuous Additive Manufacturing Solution, is developed to address the growing movement of the additive industry into true manufacturing as well as future models of production such as Industry 4.0. The CAMS vision is to offer continuous AM production through vertical scalability and modularization capable of integrating into any industrial manufacturing facility. FS421M is the first metal system designed under CAMS concept for industrial scale series production.  Turbine Cooling Testbed Machine: FS421M-2 Material: Titanium Size: 365 x 365 x 320 (H) mm Build Time: 126 Hours    Request for a Quote: info@voxelsa.com\" \/>\n<meta property=\"og:url\" content=\"https:\/\/voxelsa.com\/product\/fs421m-cams\/\" \/>\n<meta property=\"og:site_name\" content=\"3D voxel \u0641\u0648\u0643\u0633\u0644\" \/>\n<meta property=\"article:modified_time\" content=\"2023-11-14T12:07:30+00:00\" \/>\n<meta property=\"og:image\" content=\"https:\/\/voxelsa.com\/wp-content\/uploads\/2023\/06\/421m.png\" \/>\n\t<meta property=\"og:image:width\" content=\"771\" \/>\n\t<meta property=\"og:image:height\" content=\"572\" \/>\n\t<meta property=\"og:image:type\" content=\"image\/png\" \/>\n<meta name=\"twitter:card\" content=\"summary_large_image\" \/>\n<meta name=\"twitter:site\" content=\"@KsaVoxel\" \/>\n<meta name=\"twitter:label1\" content=\"\u0648\u0642\u062a \u0627\u0644\u0642\u0631\u0627\u0621\u0629 \u0627\u0644\u0645\u064f\u0642\u062f\u0651\u0631\" \/>\n\t<meta name=\"twitter:data1\" content=\"\u062f\u0642\u064a\u0642\u062a\u0627\u0646\" \/>\n<script type=\"application\/ld+json\" class=\"yoast-schema-graph\">{\"@context\":\"https:\/\/schema.org\",\"@graph\":[{\"@type\":\"WebPage\",\"@id\":\"https:\/\/voxelsa.com\/product\/fs421m-cams\/\",\"url\":\"https:\/\/voxelsa.com\/product\/fs421m-cams\/\",\"name\":\"Farsoon FS421M Medium-Large Scale Metal Laser Sintering System - 3D voxel \u0641\u0648\u0643\u0633\u0644\",\"isPartOf\":{\"@id\":\"https:\/\/voxelsa.com\/ar\/#website\"},\"primaryImageOfPage\":{\"@id\":\"https:\/\/voxelsa.com\/product\/fs421m-cams\/#primaryimage\"},\"image\":{\"@id\":\"https:\/\/voxelsa.com\/product\/fs421m-cams\/#primaryimage\"},\"thumbnailUrl\":\"https:\/\/voxelsa.com\/wp-content\/uploads\/2023\/06\/421m.png\",\"datePublished\":\"2023-11-13T14:30:17+00:00\",\"dateModified\":\"2023-11-14T12:07:30+00:00\",\"breadcrumb\":{\"@id\":\"https:\/\/voxelsa.com\/product\/fs421m-cams\/#breadcrumb\"},\"inLanguage\":\"ar\",\"potentialAction\":[{\"@type\":\"ReadAction\",\"target\":[\"https:\/\/voxelsa.com\/product\/fs421m-cams\/\"]}]},{\"@type\":\"ImageObject\",\"inLanguage\":\"ar\",\"@id\":\"https:\/\/voxelsa.com\/product\/fs421m-cams\/#primaryimage\",\"url\":\"https:\/\/voxelsa.com\/wp-content\/uploads\/2023\/06\/421m.png\",\"contentUrl\":\"https:\/\/voxelsa.com\/wp-content\/uploads\/2023\/06\/421m.png\",\"width\":771,\"height\":572},{\"@type\":\"BreadcrumbList\",\"@id\":\"https:\/\/voxelsa.com\/product\/fs421m-cams\/#breadcrumb\",\"itemListElement\":[{\"@type\":\"ListItem\",\"position\":1,\"name\":\"Home\",\"item\":\"https:\/\/voxelsa.com\/ar\/\"},{\"@type\":\"ListItem\",\"position\":2,\"name\":\"\u0627\u0644\u0645\u062a\u062c\u0631\",\"item\":\"https:\/\/voxelsa.com\/ar\/%d8%a7%d9%84%d9%85%d8%aa%d8%ac%d8%b1\/\"},{\"@type\":\"ListItem\",\"position\":3,\"name\":\"Farsoon FS421M Medium-Large Scale Metal Laser Sintering System\"}]},{\"@type\":\"WebSite\",\"@id\":\"https:\/\/voxelsa.com\/ar\/#website\",\"url\":\"https:\/\/voxelsa.com\/ar\/\",\"name\":\"3D voxel \u0641\u0648\u0643\u0633\u0644\",\"description\":\"\u0637\u0627\u0628\u0639\u0627\u062a \u062b\u0644\u0627\u062b\u064a\u0629 \u0627\u0644\u0623\u0628\u0639\u0627\u062f\",\"potentialAction\":[{\"@type\":\"SearchAction\",\"target\":{\"@type\":\"EntryPoint\",\"urlTemplate\":\"https:\/\/voxelsa.com\/ar\/?s={search_term_string}\"},\"query-input\":{\"@type\":\"PropertyValueSpecification\",\"valueRequired\":true,\"valueName\":\"search_term_string\"}}],\"inLanguage\":\"ar\"}]}<\/script>\n<!-- \/ Yoast SEO plugin. -->","yoast_head_json":{"title":"Farsoon FS421M Medium-Large Scale Metal Laser Sintering System - 3D voxel \u0641\u0648\u0643\u0633\u0644","robots":{"index":"index","follow":"follow","max-snippet":"max-snippet:-1","max-image-preview":"max-image-preview:large","max-video-preview":"max-video-preview:-1"},"canonical":"https:\/\/voxelsa.com\/product\/fs421m-cams\/","og_locale":"ar_AR","og_type":"article","og_title":"Farsoon FS421M Medium-Large Scale Metal Laser Sintering System - 3D voxel \u0641\u0648\u0643\u0633\u0644","og_description":"Introducing CAMS FS421M CAMS - Continuous Additive Manufacturing Solution, is developed to address the growing movement of the additive industry into true manufacturing as well as future models of production such as Industry 4.0. The CAMS vision is to offer continuous AM production through vertical scalability and modularization capable of integrating into any industrial manufacturing facility. FS421M is the first metal system designed under CAMS concept for industrial scale series production.  Turbine Cooling Testbed Machine: FS421M-2 Material: Titanium Size: 365 x 365 x 320 (H) mm Build Time: 126 Hours    Request for a Quote: info@voxelsa.com","og_url":"https:\/\/voxelsa.com\/product\/fs421m-cams\/","og_site_name":"3D voxel \u0641\u0648\u0643\u0633\u0644","article_modified_time":"2023-11-14T12:07:30+00:00","og_image":[{"width":771,"height":572,"url":"https:\/\/voxelsa.com\/wp-content\/uploads\/2023\/06\/421m.png","type":"image\/png"}],"twitter_card":"summary_large_image","twitter_site":"@KsaVoxel","twitter_misc":{"\u0648\u0642\u062a \u0627\u0644\u0642\u0631\u0627\u0621\u0629 \u0627\u0644\u0645\u064f\u0642\u062f\u0651\u0631":"\u062f\u0642\u064a\u0642\u062a\u0627\u0646"},"schema":{"@context":"https:\/\/schema.org","@graph":[{"@type":"WebPage","@id":"https:\/\/voxelsa.com\/product\/fs421m-cams\/","url":"https:\/\/voxelsa.com\/product\/fs421m-cams\/","name":"Farsoon FS421M Medium-Large Scale Metal Laser Sintering System - 3D voxel \u0641\u0648\u0643\u0633\u0644","isPartOf":{"@id":"https:\/\/voxelsa.com\/ar\/#website"},"primaryImageOfPage":{"@id":"https:\/\/voxelsa.com\/product\/fs421m-cams\/#primaryimage"},"image":{"@id":"https:\/\/voxelsa.com\/product\/fs421m-cams\/#primaryimage"},"thumbnailUrl":"https:\/\/voxelsa.com\/wp-content\/uploads\/2023\/06\/421m.png","datePublished":"2023-11-13T14:30:17+00:00","dateModified":"2023-11-14T12:07:30+00:00","breadcrumb":{"@id":"https:\/\/voxelsa.com\/product\/fs421m-cams\/#breadcrumb"},"inLanguage":"ar","potentialAction":[{"@type":"ReadAction","target":["https:\/\/voxelsa.com\/product\/fs421m-cams\/"]}]},{"@type":"ImageObject","inLanguage":"ar","@id":"https:\/\/voxelsa.com\/product\/fs421m-cams\/#primaryimage","url":"https:\/\/voxelsa.com\/wp-content\/uploads\/2023\/06\/421m.png","contentUrl":"https:\/\/voxelsa.com\/wp-content\/uploads\/2023\/06\/421m.png","width":771,"height":572},{"@type":"BreadcrumbList","@id":"https:\/\/voxelsa.com\/product\/fs421m-cams\/#breadcrumb","itemListElement":[{"@type":"ListItem","position":1,"name":"Home","item":"https:\/\/voxelsa.com\/ar\/"},{"@type":"ListItem","position":2,"name":"\u0627\u0644\u0645\u062a\u062c\u0631","item":"https:\/\/voxelsa.com\/ar\/%d8%a7%d9%84%d9%85%d8%aa%d8%ac%d8%b1\/"},{"@type":"ListItem","position":3,"name":"Farsoon FS421M Medium-Large Scale Metal Laser Sintering System"}]},{"@type":"WebSite","@id":"https:\/\/voxelsa.com\/ar\/#website","url":"https:\/\/voxelsa.com\/ar\/","name":"3D voxel \u0641\u0648\u0643\u0633\u0644","description":"\u0637\u0627\u0628\u0639\u0627\u062a \u062b\u0644\u0627\u062b\u064a\u0629 \u0627\u0644\u0623\u0628\u0639\u0627\u062f","potentialAction":[{"@type":"SearchAction","target":{"@type":"EntryPoint","urlTemplate":"https:\/\/voxelsa.com\/ar\/?s={search_term_string}"},"query-input":{"@type":"PropertyValueSpecification","valueRequired":true,"valueName":"search_term_string"}}],"inLanguage":"ar"}]}},"_links":{"self":[{"href":"https:\/\/voxelsa.com\/ar\/wp-json\/wp\/v2\/product\/16798","targetHints":{"allow":["GET"]}}],"collection":[{"href":"https:\/\/voxelsa.com\/ar\/wp-json\/wp\/v2\/product"}],"about":[{"href":"https:\/\/voxelsa.com\/ar\/wp-json\/wp\/v2\/types\/product"}],"wp:featuredmedia":[{"embeddable":true,"href":"https:\/\/voxelsa.com\/ar\/wp-json\/wp\/v2\/media\/16799"}],"wp:attachment":[{"href":"https:\/\/voxelsa.com\/ar\/wp-json\/wp\/v2\/media?parent=16798"}],"wp:term":[{"taxonomy":"product_brand","embeddable":true,"href":"https:\/\/voxelsa.com\/ar\/wp-json\/wp\/v2\/product_brand?post=16798"},{"taxonomy":"product_cat","embeddable":true,"href":"https:\/\/voxelsa.com\/ar\/wp-json\/wp\/v2\/product_cat?post=16798"},{"taxonomy":"product_tag","embeddable":true,"href":"https:\/\/voxelsa.com\/ar\/wp-json\/wp\/v2\/product_tag?post=16798"}],"curies":[{"name":"wp","href":"https:\/\/api.w.org\/{rel}","templated":true}]}}