{"id":16803,"date":"2023-11-13T17:29:44","date_gmt":"2023-11-13T14:29:44","guid":{"rendered":"https:\/\/voxel1.wpenginepowered.com\/?post_type=product&#038;p=16803"},"modified":"2023-11-14T14:56:21","modified_gmt":"2023-11-14T11:56:21","slug":"fs301m","status":"publish","type":"product","link":"https:\/\/voxelsa.com\/ar\/product\/fs301m\/","title":{"rendered":"Farsoon FS301M Metal AM System"},"content":{"rendered":"<p><strong>DESIGN FOR HIGH-QUALITY AM PRODUCTION<\/strong><br \/>\nFeaturing an expanded build cylinder of 305\u00d7305\u00d7410mm, FS301M is well suited for larger-sized application within a single build.<br \/>\nDual-laser scanning strategy and calibration algorithms enhance the build efficiency by precisely controlling dual-laser\u2019s operation<br \/>\nwith full coverage of the build area, achieving intelligent distribution of each laser while building a single large part or multiple smaller<br \/>\nparts. Paired with truly open parameters, FS301M offers ultimate control for metal AM production. Advanced 3-axis digital galvo<br \/>\nsystem, powerful build process control &amp; real-time monitoring, excellent air tightness design of FS301M ensure the best quality of the<br \/>\nprinted part.<\/p>\n<p><strong>ENHANCED USER OPERATION<\/strong><br \/>\nWith an integrated powder-loading dock, FS301M achieves a fully sealed material handling operation under an inert atmosphere for<br \/>\nstreamlined workflow and improved environmental safety. A shared material container is used during loading, unloading and sieving<br \/>\nprocess, offering convenient powder handling and transportation between the stations. Advanced features such as pre-heated base<br \/>\nplate, electric leveling, and vision system ensure more robust process and quality control.<\/p>\n<p><strong>COMPACT MACHINE FOOTPRINT<\/strong><br \/>\nFS301M features a machine footprint as small as 3.61 sqm with an integrated, long-lasting filtration system of operation time up<br \/>\nto 1500 hours. With designated operation access from only the front and the rear, FS301M achieves one of the most compact<br \/>\ninstallation space among similar sized PBF systems on the market. In an additive factory setting, FS301M enables high density layout<br \/>\nwith minimal side distance to achieve maximum throughput per floor area at economical additive production cost.<\/p>\n<p><strong>FARSOON FS301M TECHNICAL DATA<\/strong><\/p>\n<p>External Dimensions \uff08L\u00d7W\u00d7H\uff09 2360\u00d71530\u00d72150 mm (92.9\u00d760.2\u00d784.6 in)<br \/>\nInstallation Footprint (L\u00d7W\u00d7H) 3500\u00d73000\u00d72800 mm ( 137.8\u00d7118.1\u00d7110.2 in )<br \/>\nBuild Cylinder Size\uff081 L\u00d7W\u00d7H\uff09 305mm\u00d7305mm\u00d7410 mm ( 12.0\u00d712.0\u00d716.1 in ) (not including build plate thickness)<br \/>\nNet Weight 2800 kg ( 6172.9 lb )<br \/>\nLayer Thickness 0.02 &#8211; 0.1mm ( 0.0008-0.0039 in )<br \/>\nScanning Speed Max. 15.2 m\/s ( 49.9 ft\/s )<br \/>\nLaser Option Single Laser, 1\u00d7500W Dual Lasers, 2\u00d7500W (dual-laser with full<br \/>\ncoverage of build area by each laser)<br \/>\nScanner Dynamic focusing system<br \/>\nInert Gas Protection Argon\/Nitrogen<br \/>\nAverage Inert Gas Consumption in Process 3 &#8211; 5 L\/min<br \/>\nOperating System 64 bit Windows 10<br \/>\nComprehensive Software BuildStar, MakeStar\u00ae<br \/>\nKey Software Features Open machine key parameters, real-time build parameter modification, three-dimensional<br \/>\nvisualization, diagnostic functions<br \/>\nData File Format STL<br \/>\nPower Supply EUR\/China: 400V\u00b110%, 3~\/N\/PE, 50Hz, 15A US: transformer sold with machine<br \/>\nOperating Ambient Temperature 22-28\u00b0C ( 71.6-82.4\u2109 )<br \/>\nMaterials2 316L, 17-4PH, 420, HX, HAYNES 230*, IN718, AlSi10Mg,TA15, Ti6Al4V, more materials to come<\/p>\n","protected":false},"excerpt":{"rendered":"<p>By taking the pain points from our customers which focus around productivity, safety, stability, and ease of use, it led us to co-innovating with Farsoon\u2019s key partners from various industries such as aerospace and tooling, Farsoon has created a system truly suited for industry. By working closely with these industry partners, the FS301M was designed to meet desired user operations, including production speed, powder management, machine factory layout, quality of finished parts, ease of operation and serviceability.<\/p>\n<p>Farsoon\u2019s openness to truly co-innovate by working with industry customers allows FS301M to be a truly user-friendly system. Created to meet the demanding requirements with an end use aviation customer in the U.S., the testing data from the joint process development on the FS301M for Ti6Al4V Titanium shows industry-leading performance for additive and near-wrought properties.<\/p>\n<p>AUV Heat Exchanger Component<br \/>\nMachine: FS301M-2<br \/>\nMaterial: Aluminum<br \/>\nSize: 158 x 136 x 360 (H) mm each<br \/>\nLayer thickness: 0.05 mm<br \/>\nBuild Time: 96 Hours<\/p>\n<p>Thanks to the advanced Farsoon metal additive manufacturing, engineers are able to explore brand new design of this heat exchanger component with structural integration, light-weighting and mechanical strength. With this innovative design, the engineers are able to achieve total build time of 96 hours with 0.05mm layer thickness. The as-printed part features excellent surface quality that will only require easy post-processing, like heat-treatment, wire-cutting and sand blasting.<\/p>\n<p><img fetchpriority=\"high\" decoding=\"async\" src=\"https:\/\/voxelsa.com\/wp-content\/uploads\/2023\/06\/617-2.jpg\" alt=\"\" width=\"650\" height=\"501\" class=\"aligncenter size-full wp-image-16804\" srcset=\"https:\/\/voxelsa.com\/wp-content\/uploads\/2023\/06\/617-2.jpg 650w, https:\/\/voxelsa.com\/wp-content\/uploads\/2023\/06\/617-2-467x360.jpg 467w\" sizes=\"(max-width: 650px) 100vw, 650px\" \/><\/p>\n<p><strong>Request for a Quote<\/strong>: <a href=\"mailto:info@voxelsa.com\" rel=\"noopener\" target=\"_blank\">info@voxelsa.com<\/a><\/p>\n","protected":false},"featured_media":16806,"template":"","meta":{"_acf_changed":false},"product_brand":[],"product_cat":[693],"product_tag":[],"class_list":{"0":"post-16803","1":"product","2":"type-product","3":"status-publish","4":"has-post-thumbnail","6":"product_cat-slm-machines","8":"first","9":"onbackorder","10":"taxable","11":"shipping-taxable","12":"product-type-simple"},"bundled_by":[],"bundle_stock_status":"onbackorder","bundle_stock_quantity":null,"bundle_virtual":false,"bundle_layout":"","bundle_add_to_cart_form_location":"","bundle_editable_in_cart":false,"bundle_sold_individually_context":"","bundle_item_grouping":"","bundle_min_size":"","bundle_max_size":"","bundled_items":[],"bundle_sell_ids":[],"acf":[],"yoast_head":"<!-- This site is optimized with the Yoast SEO plugin v26.3 - https:\/\/yoast.com\/wordpress\/plugins\/seo\/ -->\n<title>Farsoon FS301M Metal AM System - 3D voxel \u0641\u0648\u0643\u0633\u0644<\/title>\n<meta name=\"robots\" content=\"index, follow, max-snippet:-1, max-image-preview:large, max-video-preview:-1\" \/>\n<link rel=\"canonical\" href=\"https:\/\/voxelsa.com\/product\/fs301m\/\" \/>\n<meta property=\"og:locale\" content=\"ar_AR\" \/>\n<meta property=\"og:type\" content=\"article\" \/>\n<meta property=\"og:title\" content=\"Farsoon FS301M Metal AM System - 3D voxel \u0641\u0648\u0643\u0633\u0644\" \/>\n<meta property=\"og:description\" content=\"By taking the pain points from our customers which focus around productivity, safety, stability, and ease of use, it led us to co-innovating with Farsoon\u2019s key partners from various industries such as aerospace and tooling, Farsoon has created a system truly suited for industry. By working closely with these industry partners, the FS301M was designed to meet desired user operations, including production speed, powder management, machine factory layout, quality of finished parts, ease of operation and serviceability.  Farsoon\u2019s openness to truly co-innovate by working with industry customers allows FS301M to be a truly user-friendly system. Created to meet the demanding requirements with an end use aviation customer in the U.S., the testing data from the joint process development on the FS301M for Ti6Al4V Titanium shows industry-leading performance for additive and near-wrought properties.  AUV Heat Exchanger Component Machine: FS301M-2 Material: Aluminum Size: 158 x 136 x 360 (H) mm each Layer thickness: 0.05 mm Build Time: 96 Hours  Thanks to the advanced Farsoon metal additive manufacturing, engineers are able to explore brand new design of this heat exchanger component with structural integration, light-weighting and mechanical strength. With this innovative design, the engineers are able to achieve total build time of 96 hours with 0.05mm layer thickness. The as-printed part features excellent surface quality that will only require easy post-processing, like heat-treatment, wire-cutting and sand blasting.    Request for a Quote: info@voxelsa.com\" \/>\n<meta property=\"og:url\" content=\"https:\/\/voxelsa.com\/product\/fs301m\/\" \/>\n<meta property=\"og:site_name\" content=\"3D voxel \u0641\u0648\u0643\u0633\u0644\" \/>\n<meta property=\"article:modified_time\" content=\"2023-11-14T11:56:21+00:00\" \/>\n<meta property=\"og:image\" content=\"https:\/\/voxelsa.com\/wp-content\/uploads\/2023\/06\/FS301M.png\" \/>\n\t<meta property=\"og:image:width\" content=\"771\" \/>\n\t<meta property=\"og:image:height\" content=\"484\" \/>\n\t<meta property=\"og:image:type\" content=\"image\/png\" \/>\n<meta name=\"twitter:card\" content=\"summary_large_image\" \/>\n<meta name=\"twitter:site\" content=\"@KsaVoxel\" \/>\n<meta name=\"twitter:label1\" content=\"\u0648\u0642\u062a \u0627\u0644\u0642\u0631\u0627\u0621\u0629 \u0627\u0644\u0645\u064f\u0642\u062f\u0651\u0631\" \/>\n\t<meta name=\"twitter:data1\" content=\"\u062f\u0642\u064a\u0642\u062a\u0627\u0646\" \/>\n<script type=\"application\/ld+json\" class=\"yoast-schema-graph\">{\"@context\":\"https:\/\/schema.org\",\"@graph\":[{\"@type\":\"WebPage\",\"@id\":\"https:\/\/voxelsa.com\/product\/fs301m\/\",\"url\":\"https:\/\/voxelsa.com\/product\/fs301m\/\",\"name\":\"Farsoon FS301M Metal AM System - 3D voxel \u0641\u0648\u0643\u0633\u0644\",\"isPartOf\":{\"@id\":\"https:\/\/voxelsa.com\/ar\/#website\"},\"primaryImageOfPage\":{\"@id\":\"https:\/\/voxelsa.com\/product\/fs301m\/#primaryimage\"},\"image\":{\"@id\":\"https:\/\/voxelsa.com\/product\/fs301m\/#primaryimage\"},\"thumbnailUrl\":\"https:\/\/voxelsa.com\/wp-content\/uploads\/2023\/06\/FS301M.png\",\"datePublished\":\"2023-11-13T14:29:44+00:00\",\"dateModified\":\"2023-11-14T11:56:21+00:00\",\"breadcrumb\":{\"@id\":\"https:\/\/voxelsa.com\/product\/fs301m\/#breadcrumb\"},\"inLanguage\":\"ar\",\"potentialAction\":[{\"@type\":\"ReadAction\",\"target\":[\"https:\/\/voxelsa.com\/product\/fs301m\/\"]}]},{\"@type\":\"ImageObject\",\"inLanguage\":\"ar\",\"@id\":\"https:\/\/voxelsa.com\/product\/fs301m\/#primaryimage\",\"url\":\"https:\/\/voxelsa.com\/wp-content\/uploads\/2023\/06\/FS301M.png\",\"contentUrl\":\"https:\/\/voxelsa.com\/wp-content\/uploads\/2023\/06\/FS301M.png\",\"width\":771,\"height\":484},{\"@type\":\"BreadcrumbList\",\"@id\":\"https:\/\/voxelsa.com\/product\/fs301m\/#breadcrumb\",\"itemListElement\":[{\"@type\":\"ListItem\",\"position\":1,\"name\":\"Home\",\"item\":\"https:\/\/voxelsa.com\/ar\/\"},{\"@type\":\"ListItem\",\"position\":2,\"name\":\"\u0627\u0644\u0645\u062a\u062c\u0631\",\"item\":\"https:\/\/voxelsa.com\/ar\/%d8%a7%d9%84%d9%85%d8%aa%d8%ac%d8%b1\/\"},{\"@type\":\"ListItem\",\"position\":3,\"name\":\"Farsoon FS301M Metal AM System\"}]},{\"@type\":\"WebSite\",\"@id\":\"https:\/\/voxelsa.com\/ar\/#website\",\"url\":\"https:\/\/voxelsa.com\/ar\/\",\"name\":\"3D voxel \u0641\u0648\u0643\u0633\u0644\",\"description\":\"\u0637\u0627\u0628\u0639\u0627\u062a \u062b\u0644\u0627\u062b\u064a\u0629 \u0627\u0644\u0623\u0628\u0639\u0627\u062f\",\"potentialAction\":[{\"@type\":\"SearchAction\",\"target\":{\"@type\":\"EntryPoint\",\"urlTemplate\":\"https:\/\/voxelsa.com\/ar\/?s={search_term_string}\"},\"query-input\":{\"@type\":\"PropertyValueSpecification\",\"valueRequired\":true,\"valueName\":\"search_term_string\"}}],\"inLanguage\":\"ar\"}]}<\/script>\n<!-- \/ Yoast SEO plugin. -->","yoast_head_json":{"title":"Farsoon FS301M Metal AM System - 3D voxel \u0641\u0648\u0643\u0633\u0644","robots":{"index":"index","follow":"follow","max-snippet":"max-snippet:-1","max-image-preview":"max-image-preview:large","max-video-preview":"max-video-preview:-1"},"canonical":"https:\/\/voxelsa.com\/product\/fs301m\/","og_locale":"ar_AR","og_type":"article","og_title":"Farsoon FS301M Metal AM System - 3D voxel \u0641\u0648\u0643\u0633\u0644","og_description":"By taking the pain points from our customers which focus around productivity, safety, stability, and ease of use, it led us to co-innovating with Farsoon\u2019s key partners from various industries such as aerospace and tooling, Farsoon has created a system truly suited for industry. By working closely with these industry partners, the FS301M was designed to meet desired user operations, including production speed, powder management, machine factory layout, quality of finished parts, ease of operation and serviceability.  Farsoon\u2019s openness to truly co-innovate by working with industry customers allows FS301M to be a truly user-friendly system. Created to meet the demanding requirements with an end use aviation customer in the U.S., the testing data from the joint process development on the FS301M for Ti6Al4V Titanium shows industry-leading performance for additive and near-wrought properties.  AUV Heat Exchanger Component Machine: FS301M-2 Material: Aluminum Size: 158 x 136 x 360 (H) mm each Layer thickness: 0.05 mm Build Time: 96 Hours  Thanks to the advanced Farsoon metal additive manufacturing, engineers are able to explore brand new design of this heat exchanger component with structural integration, light-weighting and mechanical strength. With this innovative design, the engineers are able to achieve total build time of 96 hours with 0.05mm layer thickness. The as-printed part features excellent surface quality that will only require easy post-processing, like heat-treatment, wire-cutting and sand blasting.    Request for a Quote: info@voxelsa.com","og_url":"https:\/\/voxelsa.com\/product\/fs301m\/","og_site_name":"3D voxel \u0641\u0648\u0643\u0633\u0644","article_modified_time":"2023-11-14T11:56:21+00:00","og_image":[{"width":771,"height":484,"url":"https:\/\/voxelsa.com\/wp-content\/uploads\/2023\/06\/FS301M.png","type":"image\/png"}],"twitter_card":"summary_large_image","twitter_site":"@KsaVoxel","twitter_misc":{"\u0648\u0642\u062a \u0627\u0644\u0642\u0631\u0627\u0621\u0629 \u0627\u0644\u0645\u064f\u0642\u062f\u0651\u0631":"\u062f\u0642\u064a\u0642\u062a\u0627\u0646"},"schema":{"@context":"https:\/\/schema.org","@graph":[{"@type":"WebPage","@id":"https:\/\/voxelsa.com\/product\/fs301m\/","url":"https:\/\/voxelsa.com\/product\/fs301m\/","name":"Farsoon FS301M Metal AM System - 3D voxel \u0641\u0648\u0643\u0633\u0644","isPartOf":{"@id":"https:\/\/voxelsa.com\/ar\/#website"},"primaryImageOfPage":{"@id":"https:\/\/voxelsa.com\/product\/fs301m\/#primaryimage"},"image":{"@id":"https:\/\/voxelsa.com\/product\/fs301m\/#primaryimage"},"thumbnailUrl":"https:\/\/voxelsa.com\/wp-content\/uploads\/2023\/06\/FS301M.png","datePublished":"2023-11-13T14:29:44+00:00","dateModified":"2023-11-14T11:56:21+00:00","breadcrumb":{"@id":"https:\/\/voxelsa.com\/product\/fs301m\/#breadcrumb"},"inLanguage":"ar","potentialAction":[{"@type":"ReadAction","target":["https:\/\/voxelsa.com\/product\/fs301m\/"]}]},{"@type":"ImageObject","inLanguage":"ar","@id":"https:\/\/voxelsa.com\/product\/fs301m\/#primaryimage","url":"https:\/\/voxelsa.com\/wp-content\/uploads\/2023\/06\/FS301M.png","contentUrl":"https:\/\/voxelsa.com\/wp-content\/uploads\/2023\/06\/FS301M.png","width":771,"height":484},{"@type":"BreadcrumbList","@id":"https:\/\/voxelsa.com\/product\/fs301m\/#breadcrumb","itemListElement":[{"@type":"ListItem","position":1,"name":"Home","item":"https:\/\/voxelsa.com\/ar\/"},{"@type":"ListItem","position":2,"name":"\u0627\u0644\u0645\u062a\u062c\u0631","item":"https:\/\/voxelsa.com\/ar\/%d8%a7%d9%84%d9%85%d8%aa%d8%ac%d8%b1\/"},{"@type":"ListItem","position":3,"name":"Farsoon FS301M Metal AM System"}]},{"@type":"WebSite","@id":"https:\/\/voxelsa.com\/ar\/#website","url":"https:\/\/voxelsa.com\/ar\/","name":"3D voxel \u0641\u0648\u0643\u0633\u0644","description":"\u0637\u0627\u0628\u0639\u0627\u062a \u062b\u0644\u0627\u062b\u064a\u0629 \u0627\u0644\u0623\u0628\u0639\u0627\u062f","potentialAction":[{"@type":"SearchAction","target":{"@type":"EntryPoint","urlTemplate":"https:\/\/voxelsa.com\/ar\/?s={search_term_string}"},"query-input":{"@type":"PropertyValueSpecification","valueRequired":true,"valueName":"search_term_string"}}],"inLanguage":"ar"}]}},"_links":{"self":[{"href":"https:\/\/voxelsa.com\/ar\/wp-json\/wp\/v2\/product\/16803","targetHints":{"allow":["GET"]}}],"collection":[{"href":"https:\/\/voxelsa.com\/ar\/wp-json\/wp\/v2\/product"}],"about":[{"href":"https:\/\/voxelsa.com\/ar\/wp-json\/wp\/v2\/types\/product"}],"wp:featuredmedia":[{"embeddable":true,"href":"https:\/\/voxelsa.com\/ar\/wp-json\/wp\/v2\/media\/16806"}],"wp:attachment":[{"href":"https:\/\/voxelsa.com\/ar\/wp-json\/wp\/v2\/media?parent=16803"}],"wp:term":[{"taxonomy":"product_brand","embeddable":true,"href":"https:\/\/voxelsa.com\/ar\/wp-json\/wp\/v2\/product_brand?post=16803"},{"taxonomy":"product_cat","embeddable":true,"href":"https:\/\/voxelsa.com\/ar\/wp-json\/wp\/v2\/product_cat?post=16803"},{"taxonomy":"product_tag","embeddable":true,"href":"https:\/\/voxelsa.com\/ar\/wp-json\/wp\/v2\/product_tag?post=16803"}],"curies":[{"name":"wp","href":"https:\/\/api.w.org\/{rel}","templated":true}]}}