{"id":16808,"date":"2023-11-14T15:01:18","date_gmt":"2023-11-14T12:01:18","guid":{"rendered":"https:\/\/voxel1.wpenginepowered.com\/?post_type=product&#038;p=16808"},"modified":"2023-11-14T15:03:08","modified_gmt":"2023-11-14T12:03:08","slug":"farsoon-metal3d-printer-fs273m-in-operation","status":"publish","type":"product","link":"https:\/\/voxelsa.com\/ar\/product\/farsoon-metal3d-printer-fs273m-in-operation\/","title":{"rendered":"Farsoon Metal3D Printer FS273M in Operation"},"content":{"rendered":"<p><strong>SIMPLY METAL PRODUCTION<\/strong><br \/>\nWith an industrial-sized 275\u00d7275\u00d7355mm build envelope as well as an expanded powder feeding cylinder size, FS273M offers<br \/>\nstreamlined metal production of larger volume parts with a wide range of industrial metal powder materials.<\/p>\n<p><strong>COST-PERFORMANCE<\/strong><br \/>\nThe FS273M metal laser sintering system is a high value proposition industrial production tool. Advanced digital optics system, robust<br \/>\ncontrols, and truly open parameters gives users a much wider range of process capabilities. The FS273M is able to achieve highly detailed,<br \/>\nfunctional parts while maintaining a price competitive advantage. Compact machine design enables denser, flexible factory layout for<br \/>\nmaximum throughput yield per floor area at an economical additive production cost.<\/p>\n<p><strong>OPERATION EASE &amp; GOOD SERVICEABLITY<\/strong><br \/>\nThe FS273M features an integrated, long-lasting filtration system which allows extended operation time for longer builds and reducing<br \/>\nthe cost of filter changes. Other convenient features including pre-heated base plate, robust recoater operations, removable overflow<br \/>\ncontainers, and a powder supply sufficient for a full build ensures ease of operation and good serviceability.<\/p>\n<p><strong>FARSOON FS273M TECHNICAL DATA<\/strong><br \/>\nExternal Dimension\uff08L\u00d7W\u00d7H\uff09 2315\u00d71650\u00d72105mm (91.1\u00d765.0\u00d782.9 in)<br \/>\nBuild Cylinder Size\uff081 L\u00d7W\u00d7H\uff09 275\u00d7275\u00d7355 mm ( 10.8\u00d710.8\u00d714.0 in ) (not including build plate thickness)<br \/>\nNet Weight Approx. 2200 kg ( 4850.2 lb )<br \/>\nLayer Thickness 0.02~0.1 mm ( 0.0008-0.0039 in )<br \/>\nScanning Speed2 Max. 15.2 m\/s (49.9 ft\/s)<br \/>\nLaser Type Single Laser, 1\u00d7500W Dual Lasers, 2\u00d7500W<br \/>\nScanner F theta lenses or dynamic focusing system<br \/>\nInert Gas Protection Argon\/Nitrogen<br \/>\nAverage Inert Gas Consumption in Process 3-5 L \/ min<br \/>\nOperating System 64 bit Windows 10<br \/>\nComprehensive Software BuildStar, MakeStar\u00ae<br \/>\nKey Software Features Open machine key parameters, real-time build parameter modification, three-dimensional<br \/>\nvisualization, diagnostic functions<br \/>\nData File Format STL<br \/>\nPower Supply EUR\/China: 400V\u00b110%, 3\uff5e\/N\/PE, 50Hz, 20A (Single Laser) \/ 30A (Dual Laser)<br \/>\nUS: transformer sold with machine<br \/>\nOperating Ambient Temperature 22-28\u00b0C ( 71.6-82.4\u2109 )<br \/>\nMaterials3 316L, Maraging Steel Grade 300, HX*, AlSi10Mg, Ti6Al4V, AlMgScZr*, TA15*, AlSi7Mg*, 420*,<br \/>\nIN718*, H13*, Pure Copper*, W*, Ta*, CuCrZr*, more materials to come<\/p>\n","protected":false},"excerpt":{"rendered":"<p><strong>Introducing FS273M System<\/strong><br \/>\nFS273M metal system &#8211; the next generation of FS271M &#8211; offering single or dual laser options for commercial orders. Farsoon\u2019s FS273M is designated to address productivity, cost-efficiency, and industrial workflow in the metal additive manufacturing. With an industrial-sized 275\u00d7275\u00d7355mm build envelope, the FS273M is a powerful and versatile production tool of larger volume parts with a wide range of industrial metal materials.<\/p>\n<p><strong>Industrial Applications with FS273M<\/strong><br \/>\nAs our next generation of our medium-sized metal system, the FS273M system has been through years of optimizing of the productivity, machine performance through continuous collaboration with our industrial partners; meanwhile keep pushing the true industrialization of the metal additive manufacturing by reducing customers&#8217; cost of operation, especially for tight margin industries like molds &amp; tooling.<\/p>\n<p><strong>Cavity &amp; Core Injection Mold<\/strong><br \/>\nMachine: FS273M-2<br \/>\nMaterial: 420 Stainless Steel<br \/>\nBuild time: 20 hours<\/p>\n<p>This set of cavity &amp; core mold is the key components in the whole injection molding system to produce router shell. Because of its complex structure with internal cooling channels, the traditional production takes more than 2 weeks including machining, assembly and post processing. Now with Farsoon\u2019s 273M System, the engineers are able to combine multiple parts into a single part with good material melting uniformity. It also achieved a reduced lead time of only 48 hours and improved surface resolution without the need for further post-processing.<br \/>\n<img fetchpriority=\"high\" decoding=\"async\" src=\"https:\/\/voxelsa.com\/wp-content\/uploads\/2023\/06\/c1.jpg\" alt=\"\" width=\"650\" height=\"501\" class=\"aligncenter size-full wp-image-16809\" srcset=\"https:\/\/voxelsa.com\/wp-content\/uploads\/2023\/06\/c1.jpg 650w, https:\/\/voxelsa.com\/wp-content\/uploads\/2023\/06\/c1-467x360.jpg 467w\" sizes=\"(max-width: 650px) 100vw, 650px\" \/><\/p>\n<p><strong>Request for a Quote<\/strong>: <a href=\"mailto:info@voxelsa.com\" rel=\"noopener\" target=\"_blank\">info@voxelsa.com<\/a><\/p>\n","protected":false},"featured_media":17745,"template":"","meta":{"_acf_changed":false},"product_brand":[],"product_cat":[693],"product_tag":[],"class_list":{"0":"post-16808","1":"product","2":"type-product","3":"status-publish","4":"has-post-thumbnail","6":"product_cat-slm-machines","8":"first","9":"onbackorder","10":"taxable","11":"shipping-taxable","12":"product-type-simple"},"bundled_by":[],"bundle_stock_status":"onbackorder","bundle_stock_quantity":null,"bundle_virtual":false,"bundle_layout":"","bundle_add_to_cart_form_location":"","bundle_editable_in_cart":false,"bundle_sold_individually_context":"","bundle_item_grouping":"","bundle_min_size":"","bundle_max_size":"","bundled_items":[],"bundle_sell_ids":[],"acf":[],"yoast_head":"<!-- This site is optimized with the Yoast SEO plugin v26.3 - https:\/\/yoast.com\/wordpress\/plugins\/seo\/ -->\n<title>Farsoon Metal3D Printer FS273M in Operation - 3D voxel \u0641\u0648\u0643\u0633\u0644<\/title>\n<meta name=\"robots\" content=\"index, follow, max-snippet:-1, max-image-preview:large, max-video-preview:-1\" \/>\n<link rel=\"canonical\" href=\"https:\/\/voxelsa.com\/product\/farsoon-metal3d-printer-fs273m-in-operation\/\" \/>\n<meta property=\"og:locale\" content=\"ar_AR\" \/>\n<meta property=\"og:type\" content=\"article\" \/>\n<meta property=\"og:title\" content=\"Farsoon Metal3D Printer FS273M in Operation - 3D voxel \u0641\u0648\u0643\u0633\u0644\" \/>\n<meta property=\"og:description\" content=\"Introducing FS273M System FS273M metal system - the next generation of FS271M - offering single or dual laser options for commercial orders. Farsoon\u2019s FS273M is designated to address productivity, cost-efficiency, and industrial workflow in the metal additive manufacturing. With an industrial-sized 275\u00d7275\u00d7355mm build envelope, the FS273M is a powerful and versatile production tool of larger volume parts with a wide range of industrial metal materials.  Industrial Applications with FS273M As our next generation of our medium-sized metal system, the FS273M system has been through years of optimizing of the productivity, machine performance through continuous collaboration with our industrial partners; meanwhile keep pushing the true industrialization of the metal additive manufacturing by reducing customers&#039; cost of operation, especially for tight margin industries like molds &amp; tooling.  Cavity &amp; Core Injection Mold Machine: FS273M-2 Material: 420 Stainless Steel Build time: 20 hours  This set of cavity &amp; core mold is the key components in the whole injection molding system to produce router shell. Because of its complex structure with internal cooling channels, the traditional production takes more than 2 weeks including machining, assembly and post processing. Now with Farsoon\u2019s 273M System, the engineers are able to combine multiple parts into a single part with good material melting uniformity. It also achieved a reduced lead time of only 48 hours and improved surface resolution without the need for further post-processing.   Request for a Quote: info@voxelsa.com\" \/>\n<meta property=\"og:url\" content=\"https:\/\/voxelsa.com\/product\/farsoon-metal3d-printer-fs273m-in-operation\/\" \/>\n<meta property=\"og:site_name\" content=\"3D voxel \u0641\u0648\u0643\u0633\u0644\" \/>\n<meta property=\"article:modified_time\" content=\"2023-11-14T12:03:08+00:00\" \/>\n<meta property=\"og:image\" content=\"https:\/\/voxelsa.com\/wp-content\/uploads\/2023\/11\/FS273M-2.png\" \/>\n\t<meta property=\"og:image:width\" content=\"771\" \/>\n\t<meta property=\"og:image:height\" content=\"484\" \/>\n\t<meta property=\"og:image:type\" content=\"image\/png\" \/>\n<meta name=\"twitter:card\" content=\"summary_large_image\" \/>\n<meta name=\"twitter:site\" content=\"@KsaVoxel\" \/>\n<meta name=\"twitter:label1\" content=\"\u0648\u0642\u062a \u0627\u0644\u0642\u0631\u0627\u0621\u0629 \u0627\u0644\u0645\u064f\u0642\u062f\u0651\u0631\" \/>\n\t<meta name=\"twitter:data1\" content=\"\u062f\u0642\u064a\u0642\u062a\u0627\u0646\" \/>\n<script type=\"application\/ld+json\" class=\"yoast-schema-graph\">{\"@context\":\"https:\/\/schema.org\",\"@graph\":[{\"@type\":\"WebPage\",\"@id\":\"https:\/\/voxelsa.com\/product\/farsoon-metal3d-printer-fs273m-in-operation\/\",\"url\":\"https:\/\/voxelsa.com\/product\/farsoon-metal3d-printer-fs273m-in-operation\/\",\"name\":\"Farsoon Metal3D Printer FS273M in Operation - 3D voxel \u0641\u0648\u0643\u0633\u0644\",\"isPartOf\":{\"@id\":\"https:\/\/voxelsa.com\/ar\/#website\"},\"primaryImageOfPage\":{\"@id\":\"https:\/\/voxelsa.com\/product\/farsoon-metal3d-printer-fs273m-in-operation\/#primaryimage\"},\"image\":{\"@id\":\"https:\/\/voxelsa.com\/product\/farsoon-metal3d-printer-fs273m-in-operation\/#primaryimage\"},\"thumbnailUrl\":\"https:\/\/voxelsa.com\/wp-content\/uploads\/2023\/11\/FS273M-2.png\",\"datePublished\":\"2023-11-14T12:01:18+00:00\",\"dateModified\":\"2023-11-14T12:03:08+00:00\",\"breadcrumb\":{\"@id\":\"https:\/\/voxelsa.com\/product\/farsoon-metal3d-printer-fs273m-in-operation\/#breadcrumb\"},\"inLanguage\":\"ar\",\"potentialAction\":[{\"@type\":\"ReadAction\",\"target\":[\"https:\/\/voxelsa.com\/product\/farsoon-metal3d-printer-fs273m-in-operation\/\"]}]},{\"@type\":\"ImageObject\",\"inLanguage\":\"ar\",\"@id\":\"https:\/\/voxelsa.com\/product\/farsoon-metal3d-printer-fs273m-in-operation\/#primaryimage\",\"url\":\"https:\/\/voxelsa.com\/wp-content\/uploads\/2023\/11\/FS273M-2.png\",\"contentUrl\":\"https:\/\/voxelsa.com\/wp-content\/uploads\/2023\/11\/FS273M-2.png\",\"width\":771,\"height\":484},{\"@type\":\"BreadcrumbList\",\"@id\":\"https:\/\/voxelsa.com\/product\/farsoon-metal3d-printer-fs273m-in-operation\/#breadcrumb\",\"itemListElement\":[{\"@type\":\"ListItem\",\"position\":1,\"name\":\"Home\",\"item\":\"https:\/\/voxelsa.com\/ar\/\"},{\"@type\":\"ListItem\",\"position\":2,\"name\":\"\u0627\u0644\u0645\u062a\u062c\u0631\",\"item\":\"https:\/\/voxelsa.com\/ar\/%d8%a7%d9%84%d9%85%d8%aa%d8%ac%d8%b1\/\"},{\"@type\":\"ListItem\",\"position\":3,\"name\":\"Farsoon Metal3D Printer FS273M in Operation\"}]},{\"@type\":\"WebSite\",\"@id\":\"https:\/\/voxelsa.com\/ar\/#website\",\"url\":\"https:\/\/voxelsa.com\/ar\/\",\"name\":\"3D voxel \u0641\u0648\u0643\u0633\u0644\",\"description\":\"\u0637\u0627\u0628\u0639\u0627\u062a \u062b\u0644\u0627\u062b\u064a\u0629 \u0627\u0644\u0623\u0628\u0639\u0627\u062f\",\"potentialAction\":[{\"@type\":\"SearchAction\",\"target\":{\"@type\":\"EntryPoint\",\"urlTemplate\":\"https:\/\/voxelsa.com\/ar\/?s={search_term_string}\"},\"query-input\":{\"@type\":\"PropertyValueSpecification\",\"valueRequired\":true,\"valueName\":\"search_term_string\"}}],\"inLanguage\":\"ar\"}]}<\/script>\n<!-- \/ Yoast SEO plugin. -->","yoast_head_json":{"title":"Farsoon Metal3D Printer FS273M in Operation - 3D voxel \u0641\u0648\u0643\u0633\u0644","robots":{"index":"index","follow":"follow","max-snippet":"max-snippet:-1","max-image-preview":"max-image-preview:large","max-video-preview":"max-video-preview:-1"},"canonical":"https:\/\/voxelsa.com\/product\/farsoon-metal3d-printer-fs273m-in-operation\/","og_locale":"ar_AR","og_type":"article","og_title":"Farsoon Metal3D Printer FS273M in Operation - 3D voxel \u0641\u0648\u0643\u0633\u0644","og_description":"Introducing FS273M System FS273M metal system - the next generation of FS271M - offering single or dual laser options for commercial orders. Farsoon\u2019s FS273M is designated to address productivity, cost-efficiency, and industrial workflow in the metal additive manufacturing. With an industrial-sized 275\u00d7275\u00d7355mm build envelope, the FS273M is a powerful and versatile production tool of larger volume parts with a wide range of industrial metal materials.  Industrial Applications with FS273M As our next generation of our medium-sized metal system, the FS273M system has been through years of optimizing of the productivity, machine performance through continuous collaboration with our industrial partners; meanwhile keep pushing the true industrialization of the metal additive manufacturing by reducing customers' cost of operation, especially for tight margin industries like molds &amp; tooling.  Cavity &amp; Core Injection Mold Machine: FS273M-2 Material: 420 Stainless Steel Build time: 20 hours  This set of cavity &amp; core mold is the key components in the whole injection molding system to produce router shell. Because of its complex structure with internal cooling channels, the traditional production takes more than 2 weeks including machining, assembly and post processing. Now with Farsoon\u2019s 273M System, the engineers are able to combine multiple parts into a single part with good material melting uniformity. It also achieved a reduced lead time of only 48 hours and improved surface resolution without the need for further post-processing.   Request for a Quote: info@voxelsa.com","og_url":"https:\/\/voxelsa.com\/product\/farsoon-metal3d-printer-fs273m-in-operation\/","og_site_name":"3D voxel \u0641\u0648\u0643\u0633\u0644","article_modified_time":"2023-11-14T12:03:08+00:00","og_image":[{"width":771,"height":484,"url":"https:\/\/voxelsa.com\/wp-content\/uploads\/2023\/11\/FS273M-2.png","type":"image\/png"}],"twitter_card":"summary_large_image","twitter_site":"@KsaVoxel","twitter_misc":{"\u0648\u0642\u062a \u0627\u0644\u0642\u0631\u0627\u0621\u0629 \u0627\u0644\u0645\u064f\u0642\u062f\u0651\u0631":"\u062f\u0642\u064a\u0642\u062a\u0627\u0646"},"schema":{"@context":"https:\/\/schema.org","@graph":[{"@type":"WebPage","@id":"https:\/\/voxelsa.com\/product\/farsoon-metal3d-printer-fs273m-in-operation\/","url":"https:\/\/voxelsa.com\/product\/farsoon-metal3d-printer-fs273m-in-operation\/","name":"Farsoon Metal3D Printer FS273M in Operation - 3D voxel \u0641\u0648\u0643\u0633\u0644","isPartOf":{"@id":"https:\/\/voxelsa.com\/ar\/#website"},"primaryImageOfPage":{"@id":"https:\/\/voxelsa.com\/product\/farsoon-metal3d-printer-fs273m-in-operation\/#primaryimage"},"image":{"@id":"https:\/\/voxelsa.com\/product\/farsoon-metal3d-printer-fs273m-in-operation\/#primaryimage"},"thumbnailUrl":"https:\/\/voxelsa.com\/wp-content\/uploads\/2023\/11\/FS273M-2.png","datePublished":"2023-11-14T12:01:18+00:00","dateModified":"2023-11-14T12:03:08+00:00","breadcrumb":{"@id":"https:\/\/voxelsa.com\/product\/farsoon-metal3d-printer-fs273m-in-operation\/#breadcrumb"},"inLanguage":"ar","potentialAction":[{"@type":"ReadAction","target":["https:\/\/voxelsa.com\/product\/farsoon-metal3d-printer-fs273m-in-operation\/"]}]},{"@type":"ImageObject","inLanguage":"ar","@id":"https:\/\/voxelsa.com\/product\/farsoon-metal3d-printer-fs273m-in-operation\/#primaryimage","url":"https:\/\/voxelsa.com\/wp-content\/uploads\/2023\/11\/FS273M-2.png","contentUrl":"https:\/\/voxelsa.com\/wp-content\/uploads\/2023\/11\/FS273M-2.png","width":771,"height":484},{"@type":"BreadcrumbList","@id":"https:\/\/voxelsa.com\/product\/farsoon-metal3d-printer-fs273m-in-operation\/#breadcrumb","itemListElement":[{"@type":"ListItem","position":1,"name":"Home","item":"https:\/\/voxelsa.com\/ar\/"},{"@type":"ListItem","position":2,"name":"\u0627\u0644\u0645\u062a\u062c\u0631","item":"https:\/\/voxelsa.com\/ar\/%d8%a7%d9%84%d9%85%d8%aa%d8%ac%d8%b1\/"},{"@type":"ListItem","position":3,"name":"Farsoon Metal3D Printer FS273M in Operation"}]},{"@type":"WebSite","@id":"https:\/\/voxelsa.com\/ar\/#website","url":"https:\/\/voxelsa.com\/ar\/","name":"3D voxel \u0641\u0648\u0643\u0633\u0644","description":"\u0637\u0627\u0628\u0639\u0627\u062a \u062b\u0644\u0627\u062b\u064a\u0629 \u0627\u0644\u0623\u0628\u0639\u0627\u062f","potentialAction":[{"@type":"SearchAction","target":{"@type":"EntryPoint","urlTemplate":"https:\/\/voxelsa.com\/ar\/?s={search_term_string}"},"query-input":{"@type":"PropertyValueSpecification","valueRequired":true,"valueName":"search_term_string"}}],"inLanguage":"ar"}]}},"_links":{"self":[{"href":"https:\/\/voxelsa.com\/ar\/wp-json\/wp\/v2\/product\/16808","targetHints":{"allow":["GET"]}}],"collection":[{"href":"https:\/\/voxelsa.com\/ar\/wp-json\/wp\/v2\/product"}],"about":[{"href":"https:\/\/voxelsa.com\/ar\/wp-json\/wp\/v2\/types\/product"}],"wp:featuredmedia":[{"embeddable":true,"href":"https:\/\/voxelsa.com\/ar\/wp-json\/wp\/v2\/media\/17745"}],"wp:attachment":[{"href":"https:\/\/voxelsa.com\/ar\/wp-json\/wp\/v2\/media?parent=16808"}],"wp:term":[{"taxonomy":"product_brand","embeddable":true,"href":"https:\/\/voxelsa.com\/ar\/wp-json\/wp\/v2\/product_brand?post=16808"},{"taxonomy":"product_cat","embeddable":true,"href":"https:\/\/voxelsa.com\/ar\/wp-json\/wp\/v2\/product_cat?post=16808"},{"taxonomy":"product_tag","embeddable":true,"href":"https:\/\/voxelsa.com\/ar\/wp-json\/wp\/v2\/product_tag?post=16808"}],"curies":[{"name":"wp","href":"https:\/\/api.w.org\/{rel}","templated":true}]}}