{"id":16811,"date":"2023-11-14T14:54:47","date_gmt":"2023-11-14T11:54:47","guid":{"rendered":"https:\/\/voxel1.wpenginepowered.com\/?post_type=product&#038;p=16811"},"modified":"2023-11-14T14:57:22","modified_gmt":"2023-11-14T11:57:22","slug":"farsoon-fs200m-2-metal-system-showcase","status":"publish","type":"product","link":"https:\/\/voxelsa.com\/ar\/product\/farsoon-fs200m-2-metal-system-showcase\/","title":{"rendered":"Farsoon FS200M-2 Metal System Showcase"},"content":{"rendered":"<p><strong>READY FOR SERIES PRODUCTION<\/strong><br \/>\nFeatured with a versatile rectangular build envelope of 425\u00d7230\u00d7300mm and two powerful 500-Watt fiber lasers, the FS200M-2 is created<br \/>\nto meet the highest manufacturing standards for series production in molds &amp; tooling, automotive and many other industries; addressing<br \/>\ncustomer&#8217;s pain points such as productivity, cost-performance and ease of use.<\/p>\n<p><strong>SIMPLY PRODUCTION<\/strong><br \/>\nWith the combination of advanced dual-laser scanning strategies, industry-leading communication speeds, robust recoater design, the<br \/>\nFS200M-2 is able to achieve faster production speed while ensuring required surface quality. The high-efficiency top-feed powder system<br \/>\nand the convenient powder delivery unit offers great efficiency for material handling without disturbing the build process.<\/p>\n<p><strong>REDUCED MANUFACTURING COST<\/strong><br \/>\nEquipped with an integrated, two-stage filter module, the FS200M-2 is suited for longer manufacturing operation and helps reducing the<br \/>\ncost of the filter changes. The compact machine design of 3.48 square meters footprint enables denser, flexible factory layout for maximum<br \/>\nthroughput yield per floor area for a true economical production cost.<\/p>\n<p><strong>FARSOON FS200M-2 TECHNICAL DATA<\/strong><br \/>\nExternal Dimension\uff08L\u00d7W\u00d7H\uff09 2320\u00d71500\u00d72000 mm (91.3\u00d759.1\u00d778.7 in)<br \/>\nBuild Cylinder Size\uff081 L\u00d7W\u00d7H\uff09 425\u00d7230\u00d7300 mm ( 16.7\u00d79.1\u00d711.8 in ) (not including build plate thickness)<br \/>\nNet Weight Approx. 2000 kg (4409.2 lb<br \/>\nLayer Thickness 0.02~0.1 mm ( 0.0008-0.0039 in )<br \/>\nScanning Speed2 Max. 10 m\/s ( 32.8 ft\/s )<br \/>\nLaser Type Dual fiber lasers, 2\u00d7500W<br \/>\nScanner F theta lenses<br \/>\nInert Gas Protection Argon\/Nitrogen<br \/>\nAverage Inert Gas Consumption in Process 3-5 L \/ min<br \/>\nOperating System 64 bit Windows 10<br \/>\nComprehensive Software BuildStar, MakeStar\u00ae<br \/>\nKey Software Features Open machine key parameters, real-time build parameter modification, three-dimensional<br \/>\nvisualization, diagnostic functions, automatic grafting alignment option available<br \/>\nData File Format STL<br \/>\nPower Supply EUR\/China: 400V\u00b110%, 3~\/N\/PE, 50Hz, 25A US: transformer sold with machine<br \/>\nOperating Ambient Temperature 22-28\u00b0C ( 71.6-82.4\u2109 )<br \/>\nMaterials3 316L, AlSi10Mg, ST1*, Maraging Steel Grade 300*, 420*, more materials to come<\/p>\n","protected":false},"excerpt":{"rendered":"<p><strong>Introducing FS200M-2 System<\/strong><br \/>\nAs a new addition to our medium-sized metal LPBF portfolio, the FS200M-2 is equipped with a versatile build volume of 425 x 230 x 300 mm and powerful dual 500-watt laser configuration. The FS200M-2 is ideal for medium to high volume metal series production and prototypes with fast manufacturing turn-overs rates, versatility, and impressive ROI.<\/p>\n<p><strong>Industrial Applications with FS200M-2<\/strong><br \/>\nFarsoon\u2019s FS200M-2 is a high-value proposition metal system in pursuit of productivity, cost-efficiency and ease of use for a wide range of industrial applications. The rectangular build chamber is well suited for fabrication of large parts which favor one axis, such as applications in aerospace, automotive and tooling.<\/p>\n<p><strong>Shoe Mold<\/strong><br \/>\nMachine: FS200M-2<br \/>\nMaterial: Aluminum<br \/>\nSize: 332 x 138 x 66 (H) mm each<br \/>\nBuild Time: 17 Hours<\/p>\n<p>Targeting a series of challenges in traditional shoe sole manufacturing including frequent design updates, low volume customization, and complexity of the pattern, many shoe manufacturers has adopted 3D Printing technology for direct production of end-use shoe sole molds. Rapidly produced on Farsoon\u2019s FS200M dual laser system in only 17 hours, the shoe sole mold has achieved significantly shorter lead time compared to traditional manufacturing. The as-printed part is able to achieve a high surface quality which only need minimum post-processing such as bead blasting before used for injection molding.<\/p>\n<p><img fetchpriority=\"high\" decoding=\"async\" src=\"https:\/\/voxelsa.com\/wp-content\/uploads\/2023\/06\/shoe.jpg\" alt=\"\" width=\"650\" height=\"501\" class=\"aligncenter size-full wp-image-16812\" srcset=\"https:\/\/voxelsa.com\/wp-content\/uploads\/2023\/06\/shoe.jpg 650w, https:\/\/voxelsa.com\/wp-content\/uploads\/2023\/06\/shoe-467x360.jpg 467w\" sizes=\"(max-width: 650px) 100vw, 650px\" \/><\/p>\n<p><strong>Request for a Quote<\/strong>: <a href=\"mailto:info@voxelsa.com\" rel=\"noopener\" target=\"_blank\">info@voxelsa.com<\/a><\/p>\n","protected":false},"featured_media":17742,"template":"","meta":{"_acf_changed":false},"product_brand":[],"product_cat":[693],"product_tag":[],"class_list":{"0":"post-16811","1":"product","2":"type-product","3":"status-publish","4":"has-post-thumbnail","6":"product_cat-slm-machines","8":"first","9":"onbackorder","10":"taxable","11":"shipping-taxable","12":"product-type-simple"},"bundled_by":[],"bundle_stock_status":"onbackorder","bundle_stock_quantity":null,"bundle_virtual":false,"bundle_layout":"","bundle_add_to_cart_form_location":"","bundle_editable_in_cart":false,"bundle_sold_individually_context":"","bundle_item_grouping":"","bundle_min_size":"","bundle_max_size":"","bundled_items":[],"bundle_sell_ids":[],"acf":[],"yoast_head":"<!-- This site is optimized with the Yoast SEO plugin v26.3 - https:\/\/yoast.com\/wordpress\/plugins\/seo\/ -->\n<title>Farsoon FS200M-2 Metal System Showcase - 3D voxel \u0641\u0648\u0643\u0633\u0644<\/title>\n<meta name=\"robots\" content=\"index, follow, max-snippet:-1, max-image-preview:large, max-video-preview:-1\" \/>\n<link rel=\"canonical\" href=\"https:\/\/voxelsa.com\/product\/farsoon-fs200m-2-metal-system-showcase\/\" \/>\n<meta property=\"og:locale\" content=\"ar_AR\" \/>\n<meta property=\"og:type\" content=\"article\" \/>\n<meta property=\"og:title\" content=\"Farsoon FS200M-2 Metal System Showcase - 3D voxel \u0641\u0648\u0643\u0633\u0644\" \/>\n<meta property=\"og:description\" content=\"Introducing FS200M-2 System As a new addition to our medium-sized metal LPBF portfolio, the FS200M-2 is equipped with a versatile build volume of 425 x 230 x 300 mm and powerful dual 500-watt laser configuration. The FS200M-2 is ideal for medium to high volume metal series production and prototypes with fast manufacturing turn-overs rates, versatility, and impressive ROI.  Industrial Applications with FS200M-2 Farsoon\u2019s FS200M-2 is a high-value proposition metal system in pursuit of productivity, cost-efficiency and ease of use for a wide range of industrial applications. The rectangular build chamber is well suited for fabrication of large parts which favor one axis, such as applications in aerospace, automotive and tooling.  Shoe Mold Machine: FS200M-2 Material: Aluminum Size: 332 x 138 x 66 (H) mm each Build Time: 17 Hours  Targeting a series of challenges in traditional shoe sole manufacturing including frequent design updates, low volume customization, and complexity of the pattern, many shoe manufacturers has adopted 3D Printing technology for direct production of end-use shoe sole molds. Rapidly produced on Farsoon\u2019s FS200M dual laser system in only 17 hours, the shoe sole mold has achieved significantly shorter lead time compared to traditional manufacturing. The as-printed part is able to achieve a high surface quality which only need minimum post-processing such as bead blasting before used for injection molding.    Request for a Quote: info@voxelsa.com\" \/>\n<meta property=\"og:url\" content=\"https:\/\/voxelsa.com\/product\/farsoon-fs200m-2-metal-system-showcase\/\" \/>\n<meta property=\"og:site_name\" content=\"3D voxel \u0641\u0648\u0643\u0633\u0644\" \/>\n<meta property=\"article:modified_time\" content=\"2023-11-14T11:57:22+00:00\" \/>\n<meta property=\"og:image\" content=\"https:\/\/voxelsa.com\/wp-content\/uploads\/2023\/11\/FS200M-2.png\" \/>\n\t<meta property=\"og:image:width\" content=\"771\" \/>\n\t<meta property=\"og:image:height\" content=\"484\" \/>\n\t<meta property=\"og:image:type\" content=\"image\/png\" \/>\n<meta name=\"twitter:card\" content=\"summary_large_image\" \/>\n<meta name=\"twitter:site\" content=\"@KsaVoxel\" \/>\n<meta name=\"twitter:label1\" content=\"\u0648\u0642\u062a \u0627\u0644\u0642\u0631\u0627\u0621\u0629 \u0627\u0644\u0645\u064f\u0642\u062f\u0651\u0631\" \/>\n\t<meta name=\"twitter:data1\" content=\"1 \u062f\u0642\u064a\u0642\u0629\" \/>\n<script type=\"application\/ld+json\" class=\"yoast-schema-graph\">{\"@context\":\"https:\/\/schema.org\",\"@graph\":[{\"@type\":\"WebPage\",\"@id\":\"https:\/\/voxelsa.com\/product\/farsoon-fs200m-2-metal-system-showcase\/\",\"url\":\"https:\/\/voxelsa.com\/product\/farsoon-fs200m-2-metal-system-showcase\/\",\"name\":\"Farsoon FS200M-2 Metal System Showcase - 3D voxel \u0641\u0648\u0643\u0633\u0644\",\"isPartOf\":{\"@id\":\"https:\/\/voxelsa.com\/ar\/#website\"},\"primaryImageOfPage\":{\"@id\":\"https:\/\/voxelsa.com\/product\/farsoon-fs200m-2-metal-system-showcase\/#primaryimage\"},\"image\":{\"@id\":\"https:\/\/voxelsa.com\/product\/farsoon-fs200m-2-metal-system-showcase\/#primaryimage\"},\"thumbnailUrl\":\"https:\/\/voxelsa.com\/wp-content\/uploads\/2023\/11\/FS200M-2.png\",\"datePublished\":\"2023-11-14T11:54:47+00:00\",\"dateModified\":\"2023-11-14T11:57:22+00:00\",\"breadcrumb\":{\"@id\":\"https:\/\/voxelsa.com\/product\/farsoon-fs200m-2-metal-system-showcase\/#breadcrumb\"},\"inLanguage\":\"ar\",\"potentialAction\":[{\"@type\":\"ReadAction\",\"target\":[\"https:\/\/voxelsa.com\/product\/farsoon-fs200m-2-metal-system-showcase\/\"]}]},{\"@type\":\"ImageObject\",\"inLanguage\":\"ar\",\"@id\":\"https:\/\/voxelsa.com\/product\/farsoon-fs200m-2-metal-system-showcase\/#primaryimage\",\"url\":\"https:\/\/voxelsa.com\/wp-content\/uploads\/2023\/11\/FS200M-2.png\",\"contentUrl\":\"https:\/\/voxelsa.com\/wp-content\/uploads\/2023\/11\/FS200M-2.png\",\"width\":771,\"height\":484},{\"@type\":\"BreadcrumbList\",\"@id\":\"https:\/\/voxelsa.com\/product\/farsoon-fs200m-2-metal-system-showcase\/#breadcrumb\",\"itemListElement\":[{\"@type\":\"ListItem\",\"position\":1,\"name\":\"Home\",\"item\":\"https:\/\/voxelsa.com\/ar\/\"},{\"@type\":\"ListItem\",\"position\":2,\"name\":\"\u0627\u0644\u0645\u062a\u062c\u0631\",\"item\":\"https:\/\/voxelsa.com\/ar\/%d8%a7%d9%84%d9%85%d8%aa%d8%ac%d8%b1\/\"},{\"@type\":\"ListItem\",\"position\":3,\"name\":\"Farsoon FS200M-2 Metal System Showcase\"}]},{\"@type\":\"WebSite\",\"@id\":\"https:\/\/voxelsa.com\/ar\/#website\",\"url\":\"https:\/\/voxelsa.com\/ar\/\",\"name\":\"3D voxel \u0641\u0648\u0643\u0633\u0644\",\"description\":\"\u0637\u0627\u0628\u0639\u0627\u062a \u062b\u0644\u0627\u062b\u064a\u0629 \u0627\u0644\u0623\u0628\u0639\u0627\u062f\",\"potentialAction\":[{\"@type\":\"SearchAction\",\"target\":{\"@type\":\"EntryPoint\",\"urlTemplate\":\"https:\/\/voxelsa.com\/ar\/?s={search_term_string}\"},\"query-input\":{\"@type\":\"PropertyValueSpecification\",\"valueRequired\":true,\"valueName\":\"search_term_string\"}}],\"inLanguage\":\"ar\"}]}<\/script>\n<!-- \/ Yoast SEO plugin. -->","yoast_head_json":{"title":"Farsoon FS200M-2 Metal System Showcase - 3D voxel \u0641\u0648\u0643\u0633\u0644","robots":{"index":"index","follow":"follow","max-snippet":"max-snippet:-1","max-image-preview":"max-image-preview:large","max-video-preview":"max-video-preview:-1"},"canonical":"https:\/\/voxelsa.com\/product\/farsoon-fs200m-2-metal-system-showcase\/","og_locale":"ar_AR","og_type":"article","og_title":"Farsoon FS200M-2 Metal System Showcase - 3D voxel \u0641\u0648\u0643\u0633\u0644","og_description":"Introducing FS200M-2 System As a new addition to our medium-sized metal LPBF portfolio, the FS200M-2 is equipped with a versatile build volume of 425 x 230 x 300 mm and powerful dual 500-watt laser configuration. The FS200M-2 is ideal for medium to high volume metal series production and prototypes with fast manufacturing turn-overs rates, versatility, and impressive ROI.  Industrial Applications with FS200M-2 Farsoon\u2019s FS200M-2 is a high-value proposition metal system in pursuit of productivity, cost-efficiency and ease of use for a wide range of industrial applications. The rectangular build chamber is well suited for fabrication of large parts which favor one axis, such as applications in aerospace, automotive and tooling.  Shoe Mold Machine: FS200M-2 Material: Aluminum Size: 332 x 138 x 66 (H) mm each Build Time: 17 Hours  Targeting a series of challenges in traditional shoe sole manufacturing including frequent design updates, low volume customization, and complexity of the pattern, many shoe manufacturers has adopted 3D Printing technology for direct production of end-use shoe sole molds. Rapidly produced on Farsoon\u2019s FS200M dual laser system in only 17 hours, the shoe sole mold has achieved significantly shorter lead time compared to traditional manufacturing. The as-printed part is able to achieve a high surface quality which only need minimum post-processing such as bead blasting before used for injection molding.    Request for a Quote: info@voxelsa.com","og_url":"https:\/\/voxelsa.com\/product\/farsoon-fs200m-2-metal-system-showcase\/","og_site_name":"3D voxel \u0641\u0648\u0643\u0633\u0644","article_modified_time":"2023-11-14T11:57:22+00:00","og_image":[{"width":771,"height":484,"url":"https:\/\/voxelsa.com\/wp-content\/uploads\/2023\/11\/FS200M-2.png","type":"image\/png"}],"twitter_card":"summary_large_image","twitter_site":"@KsaVoxel","twitter_misc":{"\u0648\u0642\u062a \u0627\u0644\u0642\u0631\u0627\u0621\u0629 \u0627\u0644\u0645\u064f\u0642\u062f\u0651\u0631":"1 \u062f\u0642\u064a\u0642\u0629"},"schema":{"@context":"https:\/\/schema.org","@graph":[{"@type":"WebPage","@id":"https:\/\/voxelsa.com\/product\/farsoon-fs200m-2-metal-system-showcase\/","url":"https:\/\/voxelsa.com\/product\/farsoon-fs200m-2-metal-system-showcase\/","name":"Farsoon FS200M-2 Metal System Showcase - 3D voxel \u0641\u0648\u0643\u0633\u0644","isPartOf":{"@id":"https:\/\/voxelsa.com\/ar\/#website"},"primaryImageOfPage":{"@id":"https:\/\/voxelsa.com\/product\/farsoon-fs200m-2-metal-system-showcase\/#primaryimage"},"image":{"@id":"https:\/\/voxelsa.com\/product\/farsoon-fs200m-2-metal-system-showcase\/#primaryimage"},"thumbnailUrl":"https:\/\/voxelsa.com\/wp-content\/uploads\/2023\/11\/FS200M-2.png","datePublished":"2023-11-14T11:54:47+00:00","dateModified":"2023-11-14T11:57:22+00:00","breadcrumb":{"@id":"https:\/\/voxelsa.com\/product\/farsoon-fs200m-2-metal-system-showcase\/#breadcrumb"},"inLanguage":"ar","potentialAction":[{"@type":"ReadAction","target":["https:\/\/voxelsa.com\/product\/farsoon-fs200m-2-metal-system-showcase\/"]}]},{"@type":"ImageObject","inLanguage":"ar","@id":"https:\/\/voxelsa.com\/product\/farsoon-fs200m-2-metal-system-showcase\/#primaryimage","url":"https:\/\/voxelsa.com\/wp-content\/uploads\/2023\/11\/FS200M-2.png","contentUrl":"https:\/\/voxelsa.com\/wp-content\/uploads\/2023\/11\/FS200M-2.png","width":771,"height":484},{"@type":"BreadcrumbList","@id":"https:\/\/voxelsa.com\/product\/farsoon-fs200m-2-metal-system-showcase\/#breadcrumb","itemListElement":[{"@type":"ListItem","position":1,"name":"Home","item":"https:\/\/voxelsa.com\/ar\/"},{"@type":"ListItem","position":2,"name":"\u0627\u0644\u0645\u062a\u062c\u0631","item":"https:\/\/voxelsa.com\/ar\/%d8%a7%d9%84%d9%85%d8%aa%d8%ac%d8%b1\/"},{"@type":"ListItem","position":3,"name":"Farsoon FS200M-2 Metal System Showcase"}]},{"@type":"WebSite","@id":"https:\/\/voxelsa.com\/ar\/#website","url":"https:\/\/voxelsa.com\/ar\/","name":"3D voxel \u0641\u0648\u0643\u0633\u0644","description":"\u0637\u0627\u0628\u0639\u0627\u062a \u062b\u0644\u0627\u062b\u064a\u0629 \u0627\u0644\u0623\u0628\u0639\u0627\u062f","potentialAction":[{"@type":"SearchAction","target":{"@type":"EntryPoint","urlTemplate":"https:\/\/voxelsa.com\/ar\/?s={search_term_string}"},"query-input":{"@type":"PropertyValueSpecification","valueRequired":true,"valueName":"search_term_string"}}],"inLanguage":"ar"}]}},"_links":{"self":[{"href":"https:\/\/voxelsa.com\/ar\/wp-json\/wp\/v2\/product\/16811","targetHints":{"allow":["GET"]}}],"collection":[{"href":"https:\/\/voxelsa.com\/ar\/wp-json\/wp\/v2\/product"}],"about":[{"href":"https:\/\/voxelsa.com\/ar\/wp-json\/wp\/v2\/types\/product"}],"wp:featuredmedia":[{"embeddable":true,"href":"https:\/\/voxelsa.com\/ar\/wp-json\/wp\/v2\/media\/17742"}],"wp:attachment":[{"href":"https:\/\/voxelsa.com\/ar\/wp-json\/wp\/v2\/media?parent=16811"}],"wp:term":[{"taxonomy":"product_brand","embeddable":true,"href":"https:\/\/voxelsa.com\/ar\/wp-json\/wp\/v2\/product_brand?post=16811"},{"taxonomy":"product_cat","embeddable":true,"href":"https:\/\/voxelsa.com\/ar\/wp-json\/wp\/v2\/product_cat?post=16811"},{"taxonomy":"product_tag","embeddable":true,"href":"https:\/\/voxelsa.com\/ar\/wp-json\/wp\/v2\/product_tag?post=16811"}],"curies":[{"name":"wp","href":"https:\/\/api.w.org\/{rel}","templated":true}]}}