{"id":16814,"date":"2023-11-13T17:29:26","date_gmt":"2023-11-13T14:29:26","guid":{"rendered":"https:\/\/voxel1.wpenginepowered.com\/?post_type=product&#038;p=16814"},"modified":"2023-11-14T14:56:07","modified_gmt":"2023-11-14T11:56:07","slug":"fs121m","status":"publish","type":"product","link":"https:\/\/voxelsa.com\/ar\/product\/fs121m\/","title":{"rendered":"Farsoon FS121M for Dental Crown Productions"},"content":{"rendered":"<p><strong>FLEXIBLE SOLUTION<\/strong><br \/>\nThe FS121M is a incredibly flexible system allowing the user to select between multiple spot sizes and recoating blades, this combined<br \/>\nwith a small footprint and reduced need for ancillary equipment allows the FS121M to match customer workspace, material and application<br \/>\nrequirements.<\/p>\n<p><strong>PRICE &amp; PERFORMANCE<\/strong><br \/>\nThe FS121M features a 300W or 500W fiber laser and a fully digital scanning system. These features along with a fine spot size allows<br \/>\nfor the creation of very detail and complex parts. Farsoon is dedicated to high quality utilizing premium parts for all key components and<br \/>\nincorporates the latest safety systems with inert gas supply and over-sized protective filter systems all at a price that is accessible for any<br \/>\nbusiness.<\/p>\n<p><strong>OPEN PLATFORM<\/strong><br \/>\nFarsoon is the only laser sintering system producer that allows for complete freedom of operation of its machines. This means that machine<br \/>\nparameters and powder choice are unlocked for the user allowing for previously-impossible levels of freedom and flexibility when it comes<br \/>\nto MLS production. <\/p>\n<p><strong>FARSOON FS121M TECHNICAL DATA<\/strong><br \/>\nExternal Dimensions \uff08L\u00d7W\u00d7H\uff09 780\u00d71000\u00d71700 mm ( 30.7\u00d739.4\u00d766.9 in )<br \/>\nBuild Cylinder Size\uff081 L\u00d7W\u00d7H\uff09 120\u00d7120\u00d7100 mm ( 4.7\u00d74.7\u00d73.9 in ) (not including build plate thickness)<br \/>\nNet Weight Approx.700 kg ( 1543.2 lb )<br \/>\nLayer Thickness 0.02mm~0.08mm ( 0.0008-0.0031 in ) 0.02mm~0.03mm ( 0.0008-0.001 in )<br \/>\nScanning Speed Max. 10m\/s ( 32.8 ft\/s )<br \/>\nLaser Type Fiber laser, 500W Fiber laser, 300W<br \/>\nScanner F theta lenses<br \/>\nInert Gas Protection Argon\/Nitrogen<br \/>\nAverage Inert Gas Consumption in Process 3-5 L \/ min<br \/>\nOperating System 64 bit Windows 10<br \/>\nComprehensive Software BuildStar, MakeStar\u00ae<br \/>\nKey Software Features Open machine key parameters, real-time build parameter modification, three-dimensional<br \/>\nvisualization, diagnostic functions<br \/>\nData File Format STL<br \/>\nPower Supply EUR\/China: 220V\u00b110%, 1~\/N\/PE, 50Hz, 14A US: transformer sold with machine<br \/>\nOperating Ambient Temperature 22-28\u00b0C ( 71.6-82.4\u2109 )<br \/>\nMaterials 316L, Ti6Al4V, more materials to come<\/p>\n","protected":false},"excerpt":{"rendered":"<p><strong>Introducing FS121M System<\/strong><br \/>\nFarsoon FS121M is a robust yet accessible metal laser melting system designated to address quality, cost-efficiency, and operational ease. FS121M is offered with robust 500 or 300-watt fiber laser to suit a wide range of application from dental, medical to material development. Optimized for productivity targeting dental industry, the FS121M-E configuration has been a powerful manufacturing tool offering high value-proposition.<\/p>\n<p><strong>Industrial Applications with FS121M<\/strong><br \/>\nThe FS121M is an accessible small frame system allowing the user to select between multiple spot sizes and recoating blades, this combined with a small footprint and reduced need for ancillary equipment allows the FS121M to match customer workspace, material and application requirements. The FS121M is ideal for a wide range of applications from rapid prototyping, low volume production, material development to institution research.<\/p>\n<p><strong>Dental Crown<\/strong><br \/>\nMachine: FS121M<br \/>\nIndustry: Denture<br \/>\nMaterial: CoCrMoW<br \/>\nBuild time: 3 hours<\/p>\n<p>Addressing a series of challenges in the traditional dental industry such as increasing labor cost, shorter lead time, and production yield, Upcera Dental adopted multiple FS121M systems for transforming into digital manufacturing. Farsoon\u2019s advanced metal 3D printing is able to produce parts with excellent density, eliminating surface or structural defects which are often found in traditional casting process. The fully digital workflow from scanning, modeling to direct-manufacturing enables high efficiency and precise positioning for a greatly improved patient experience.<\/p>\n<p><img fetchpriority=\"high\" decoding=\"async\" src=\"https:\/\/voxelsa.com\/wp-content\/uploads\/2023\/06\/121-5.jpg\" alt=\"\" width=\"650\" height=\"501\" class=\"aligncenter size-full wp-image-16815\" srcset=\"https:\/\/voxelsa.com\/wp-content\/uploads\/2023\/06\/121-5.jpg 650w, https:\/\/voxelsa.com\/wp-content\/uploads\/2023\/06\/121-5-467x360.jpg 467w\" sizes=\"(max-width: 650px) 100vw, 650px\" \/><\/p>\n<p><strong>Request for a Quote<\/strong>: <a href=\"mailto:info@voxelsa.com\" rel=\"noopener\" target=\"_blank\">info@voxelsa.com<\/a><\/p>\n","protected":false},"featured_media":16817,"template":"","meta":{"_acf_changed":false},"product_brand":[],"product_cat":[693],"product_tag":[],"class_list":{"0":"post-16814","1":"product","2":"type-product","3":"status-publish","4":"has-post-thumbnail","6":"product_cat-slm-machines","8":"first","9":"onbackorder","10":"taxable","11":"shipping-taxable","12":"product-type-simple"},"bundled_by":[],"bundle_stock_status":"onbackorder","bundle_stock_quantity":null,"bundle_virtual":false,"bundle_layout":"","bundle_add_to_cart_form_location":"","bundle_editable_in_cart":false,"bundle_sold_individually_context":"","bundle_item_grouping":"","bundle_min_size":"","bundle_max_size":"","bundled_items":[],"bundle_sell_ids":[],"acf":[],"yoast_head":"<!-- This site is optimized with the Yoast SEO plugin v26.3 - https:\/\/yoast.com\/wordpress\/plugins\/seo\/ -->\n<title>Farsoon FS121M for Dental Crown Productions - 3D voxel \u0641\u0648\u0643\u0633\u0644<\/title>\n<meta name=\"robots\" content=\"index, follow, max-snippet:-1, max-image-preview:large, max-video-preview:-1\" \/>\n<link rel=\"canonical\" href=\"https:\/\/voxelsa.com\/product\/fs121m\/\" \/>\n<meta property=\"og:locale\" content=\"ar_AR\" \/>\n<meta property=\"og:type\" content=\"article\" \/>\n<meta property=\"og:title\" content=\"Farsoon FS121M for Dental Crown Productions - 3D voxel \u0641\u0648\u0643\u0633\u0644\" \/>\n<meta property=\"og:description\" content=\"Introducing FS121M System Farsoon FS121M is a robust yet accessible metal laser melting system designated to address quality, cost-efficiency, and operational ease. FS121M is offered with robust 500 or 300-watt fiber laser to suit a wide range of application from dental, medical to material development. Optimized for productivity targeting dental industry, the FS121M-E configuration has been a powerful manufacturing tool offering high value-proposition.  Industrial Applications with FS121M The FS121M is an accessible small frame system allowing the user to select between multiple spot sizes and recoating blades, this combined with a small footprint and reduced need for ancillary equipment allows the FS121M to match customer workspace, material and application requirements. The FS121M is ideal for a wide range of applications from rapid prototyping, low volume production, material development to institution research.  Dental Crown Machine: FS121M Industry: Denture Material: CoCrMoW Build time: 3 hours  Addressing a series of challenges in the traditional dental industry such as increasing labor cost, shorter lead time, and production yield, Upcera Dental adopted multiple FS121M systems for transforming into digital manufacturing. Farsoon\u2019s advanced metal 3D printing is able to produce parts with excellent density, eliminating surface or structural defects which are often found in traditional casting process. The fully digital workflow from scanning, modeling to direct-manufacturing enables high efficiency and precise positioning for a greatly improved patient experience.    Request for a Quote: info@voxelsa.com\" \/>\n<meta property=\"og:url\" content=\"https:\/\/voxelsa.com\/product\/fs121m\/\" \/>\n<meta property=\"og:site_name\" content=\"3D voxel \u0641\u0648\u0643\u0633\u0644\" \/>\n<meta property=\"article:modified_time\" content=\"2023-11-14T11:56:07+00:00\" \/>\n<meta property=\"og:image\" content=\"https:\/\/voxelsa.com\/wp-content\/uploads\/2023\/06\/FS121M-1.png\" \/>\n\t<meta property=\"og:image:width\" content=\"771\" \/>\n\t<meta property=\"og:image:height\" content=\"484\" \/>\n\t<meta property=\"og:image:type\" content=\"image\/png\" \/>\n<meta name=\"twitter:card\" content=\"summary_large_image\" \/>\n<meta name=\"twitter:site\" content=\"@KsaVoxel\" \/>\n<meta name=\"twitter:label1\" content=\"\u0648\u0642\u062a \u0627\u0644\u0642\u0631\u0627\u0621\u0629 \u0627\u0644\u0645\u064f\u0642\u062f\u0651\u0631\" \/>\n\t<meta name=\"twitter:data1\" content=\"1 \u062f\u0642\u064a\u0642\u0629\" \/>\n<script type=\"application\/ld+json\" class=\"yoast-schema-graph\">{\"@context\":\"https:\/\/schema.org\",\"@graph\":[{\"@type\":\"WebPage\",\"@id\":\"https:\/\/voxelsa.com\/product\/fs121m\/\",\"url\":\"https:\/\/voxelsa.com\/product\/fs121m\/\",\"name\":\"Farsoon FS121M for Dental Crown Productions - 3D voxel \u0641\u0648\u0643\u0633\u0644\",\"isPartOf\":{\"@id\":\"https:\/\/voxelsa.com\/ar\/#website\"},\"primaryImageOfPage\":{\"@id\":\"https:\/\/voxelsa.com\/product\/fs121m\/#primaryimage\"},\"image\":{\"@id\":\"https:\/\/voxelsa.com\/product\/fs121m\/#primaryimage\"},\"thumbnailUrl\":\"https:\/\/voxelsa.com\/wp-content\/uploads\/2023\/06\/FS121M-1.png\",\"datePublished\":\"2023-11-13T14:29:26+00:00\",\"dateModified\":\"2023-11-14T11:56:07+00:00\",\"breadcrumb\":{\"@id\":\"https:\/\/voxelsa.com\/product\/fs121m\/#breadcrumb\"},\"inLanguage\":\"ar\",\"potentialAction\":[{\"@type\":\"ReadAction\",\"target\":[\"https:\/\/voxelsa.com\/product\/fs121m\/\"]}]},{\"@type\":\"ImageObject\",\"inLanguage\":\"ar\",\"@id\":\"https:\/\/voxelsa.com\/product\/fs121m\/#primaryimage\",\"url\":\"https:\/\/voxelsa.com\/wp-content\/uploads\/2023\/06\/FS121M-1.png\",\"contentUrl\":\"https:\/\/voxelsa.com\/wp-content\/uploads\/2023\/06\/FS121M-1.png\",\"width\":771,\"height\":484},{\"@type\":\"BreadcrumbList\",\"@id\":\"https:\/\/voxelsa.com\/product\/fs121m\/#breadcrumb\",\"itemListElement\":[{\"@type\":\"ListItem\",\"position\":1,\"name\":\"Home\",\"item\":\"https:\/\/voxelsa.com\/ar\/\"},{\"@type\":\"ListItem\",\"position\":2,\"name\":\"\u0627\u0644\u0645\u062a\u062c\u0631\",\"item\":\"https:\/\/voxelsa.com\/ar\/%d8%a7%d9%84%d9%85%d8%aa%d8%ac%d8%b1\/\"},{\"@type\":\"ListItem\",\"position\":3,\"name\":\"Farsoon FS121M for Dental Crown Productions\"}]},{\"@type\":\"WebSite\",\"@id\":\"https:\/\/voxelsa.com\/ar\/#website\",\"url\":\"https:\/\/voxelsa.com\/ar\/\",\"name\":\"3D voxel \u0641\u0648\u0643\u0633\u0644\",\"description\":\"\u0637\u0627\u0628\u0639\u0627\u062a \u062b\u0644\u0627\u062b\u064a\u0629 \u0627\u0644\u0623\u0628\u0639\u0627\u062f\",\"potentialAction\":[{\"@type\":\"SearchAction\",\"target\":{\"@type\":\"EntryPoint\",\"urlTemplate\":\"https:\/\/voxelsa.com\/ar\/?s={search_term_string}\"},\"query-input\":{\"@type\":\"PropertyValueSpecification\",\"valueRequired\":true,\"valueName\":\"search_term_string\"}}],\"inLanguage\":\"ar\"}]}<\/script>\n<!-- \/ Yoast SEO plugin. -->","yoast_head_json":{"title":"Farsoon FS121M for Dental Crown Productions - 3D voxel \u0641\u0648\u0643\u0633\u0644","robots":{"index":"index","follow":"follow","max-snippet":"max-snippet:-1","max-image-preview":"max-image-preview:large","max-video-preview":"max-video-preview:-1"},"canonical":"https:\/\/voxelsa.com\/product\/fs121m\/","og_locale":"ar_AR","og_type":"article","og_title":"Farsoon FS121M for Dental Crown Productions - 3D voxel \u0641\u0648\u0643\u0633\u0644","og_description":"Introducing FS121M System Farsoon FS121M is a robust yet accessible metal laser melting system designated to address quality, cost-efficiency, and operational ease. FS121M is offered with robust 500 or 300-watt fiber laser to suit a wide range of application from dental, medical to material development. Optimized for productivity targeting dental industry, the FS121M-E configuration has been a powerful manufacturing tool offering high value-proposition.  Industrial Applications with FS121M The FS121M is an accessible small frame system allowing the user to select between multiple spot sizes and recoating blades, this combined with a small footprint and reduced need for ancillary equipment allows the FS121M to match customer workspace, material and application requirements. The FS121M is ideal for a wide range of applications from rapid prototyping, low volume production, material development to institution research.  Dental Crown Machine: FS121M Industry: Denture Material: CoCrMoW Build time: 3 hours  Addressing a series of challenges in the traditional dental industry such as increasing labor cost, shorter lead time, and production yield, Upcera Dental adopted multiple FS121M systems for transforming into digital manufacturing. Farsoon\u2019s advanced metal 3D printing is able to produce parts with excellent density, eliminating surface or structural defects which are often found in traditional casting process. The fully digital workflow from scanning, modeling to direct-manufacturing enables high efficiency and precise positioning for a greatly improved patient experience.    Request for a Quote: info@voxelsa.com","og_url":"https:\/\/voxelsa.com\/product\/fs121m\/","og_site_name":"3D voxel \u0641\u0648\u0643\u0633\u0644","article_modified_time":"2023-11-14T11:56:07+00:00","og_image":[{"width":771,"height":484,"url":"https:\/\/voxelsa.com\/wp-content\/uploads\/2023\/06\/FS121M-1.png","type":"image\/png"}],"twitter_card":"summary_large_image","twitter_site":"@KsaVoxel","twitter_misc":{"\u0648\u0642\u062a \u0627\u0644\u0642\u0631\u0627\u0621\u0629 \u0627\u0644\u0645\u064f\u0642\u062f\u0651\u0631":"1 \u062f\u0642\u064a\u0642\u0629"},"schema":{"@context":"https:\/\/schema.org","@graph":[{"@type":"WebPage","@id":"https:\/\/voxelsa.com\/product\/fs121m\/","url":"https:\/\/voxelsa.com\/product\/fs121m\/","name":"Farsoon FS121M for Dental Crown Productions - 3D voxel \u0641\u0648\u0643\u0633\u0644","isPartOf":{"@id":"https:\/\/voxelsa.com\/ar\/#website"},"primaryImageOfPage":{"@id":"https:\/\/voxelsa.com\/product\/fs121m\/#primaryimage"},"image":{"@id":"https:\/\/voxelsa.com\/product\/fs121m\/#primaryimage"},"thumbnailUrl":"https:\/\/voxelsa.com\/wp-content\/uploads\/2023\/06\/FS121M-1.png","datePublished":"2023-11-13T14:29:26+00:00","dateModified":"2023-11-14T11:56:07+00:00","breadcrumb":{"@id":"https:\/\/voxelsa.com\/product\/fs121m\/#breadcrumb"},"inLanguage":"ar","potentialAction":[{"@type":"ReadAction","target":["https:\/\/voxelsa.com\/product\/fs121m\/"]}]},{"@type":"ImageObject","inLanguage":"ar","@id":"https:\/\/voxelsa.com\/product\/fs121m\/#primaryimage","url":"https:\/\/voxelsa.com\/wp-content\/uploads\/2023\/06\/FS121M-1.png","contentUrl":"https:\/\/voxelsa.com\/wp-content\/uploads\/2023\/06\/FS121M-1.png","width":771,"height":484},{"@type":"BreadcrumbList","@id":"https:\/\/voxelsa.com\/product\/fs121m\/#breadcrumb","itemListElement":[{"@type":"ListItem","position":1,"name":"Home","item":"https:\/\/voxelsa.com\/ar\/"},{"@type":"ListItem","position":2,"name":"\u0627\u0644\u0645\u062a\u062c\u0631","item":"https:\/\/voxelsa.com\/ar\/%d8%a7%d9%84%d9%85%d8%aa%d8%ac%d8%b1\/"},{"@type":"ListItem","position":3,"name":"Farsoon FS121M for Dental Crown Productions"}]},{"@type":"WebSite","@id":"https:\/\/voxelsa.com\/ar\/#website","url":"https:\/\/voxelsa.com\/ar\/","name":"3D voxel \u0641\u0648\u0643\u0633\u0644","description":"\u0637\u0627\u0628\u0639\u0627\u062a \u062b\u0644\u0627\u062b\u064a\u0629 \u0627\u0644\u0623\u0628\u0639\u0627\u062f","potentialAction":[{"@type":"SearchAction","target":{"@type":"EntryPoint","urlTemplate":"https:\/\/voxelsa.com\/ar\/?s={search_term_string}"},"query-input":{"@type":"PropertyValueSpecification","valueRequired":true,"valueName":"search_term_string"}}],"inLanguage":"ar"}]}},"_links":{"self":[{"href":"https:\/\/voxelsa.com\/ar\/wp-json\/wp\/v2\/product\/16814","targetHints":{"allow":["GET"]}}],"collection":[{"href":"https:\/\/voxelsa.com\/ar\/wp-json\/wp\/v2\/product"}],"about":[{"href":"https:\/\/voxelsa.com\/ar\/wp-json\/wp\/v2\/types\/product"}],"wp:featuredmedia":[{"embeddable":true,"href":"https:\/\/voxelsa.com\/ar\/wp-json\/wp\/v2\/media\/16817"}],"wp:attachment":[{"href":"https:\/\/voxelsa.com\/ar\/wp-json\/wp\/v2\/media?parent=16814"}],"wp:term":[{"taxonomy":"product_brand","embeddable":true,"href":"https:\/\/voxelsa.com\/ar\/wp-json\/wp\/v2\/product_brand?post=16814"},{"taxonomy":"product_cat","embeddable":true,"href":"https:\/\/voxelsa.com\/ar\/wp-json\/wp\/v2\/product_cat?post=16814"},{"taxonomy":"product_tag","embeddable":true,"href":"https:\/\/voxelsa.com\/ar\/wp-json\/wp\/v2\/product_tag?post=16814"}],"curies":[{"name":"wp","href":"https:\/\/api.w.org\/{rel}","templated":true}]}}