{"id":17118,"date":"2023-01-23T19:00:18","date_gmt":"2023-07-27T15:27:44","guid":{"rendered":"https:\/\/voxel1.wpenginepowered.com\/?post_type=product&#038;p=17118"},"modified":"2023-07-27T18:27:45","modified_gmt":"2023-07-27T15:27:45","slug":"%d8%a8%d8%b1%d9%88%d8%b3%d8%a7-%d8%a2%d9%8a-3-mk3s-%d8%b7%d8%a7%d8%a8%d8%b9%d8%a9-%d8%ab%d9%84%d8%a7%d8%ab%d9%8a%d8%a9-%d8%a7%d9%84%d8%a3%d8%a8%d8%b9%d8%a7%d8%af","status":"publish","type":"product","link":"https:\/\/voxelsa.com\/ar\/\u0645\u0646\u062a\u062c\/%d8%a8%d8%b1%d9%88%d8%b3%d8%a7-%d8%a2%d9%8a-3-mk3s-%d8%b7%d8%a7%d8%a8%d8%b9%d8%a9-%d8%ab%d9%84%d8%a7%d8%ab%d9%8a%d8%a9-%d8%a7%d9%84%d8%a3%d8%a8%d8%b9%d8%a7%d8%af\/","title":{"rendered":"\u0628\u0631\u0648\u0633\u0627 \u0622\u064a 3 MK3S+ \u0637\u0627\u0628\u0639\u0629 \u062b\u0644\u0627\u062b\u064a\u0629 \u0627\u0644\u0623\u0628\u0639\u0627\u062f"},"content":{"rendered":"<p><strong>Technical Parameters:<\/strong><\/p>\n<p>Build Volume: 25\u00d721\u00d721 cm (9.84&#8243;\u00d78.3&#8243;\u00d78.3&#8243;)<br \/>\nLayer height: 0.05 &#8211; 0.35 mm<br \/>\nNozzle: 0.4mm default, wide range of other diameters\/nozzles supported<br \/>\nFilament diameter: 1.75 mm<br \/>\nPrinter color: Fully Black<br \/>\nSupported materials: Wide range of thermoplastics, including PLA, PETG, ASA, ABS, PC (Polycarbonate), CPE, PVA\/BVOH, PVB, HIPS, PP (Polypropylene), Flex, nGen, Nylon, Carbon filled, Woodfill and other filled materials.<br \/>\nMax travel speed: 200+ mm\/s<br \/>\nMax nozzle temperature: 300 \u00b0C \/ 572 \u00b0F<br \/>\nMax heatbed temperature: 120 \u00b0C \/ 248 \u00b0F<br \/>\nExtruder: Direct Drive, Bondtech gears, E3D V6 hotend<br \/>\nPrint surface: Removable magnetic steel sheets(*) with different surface finishes, heatbed with cold corners compensation<br \/>\nPrinter dimensions (without spool): 7 kg, 500\u00d7550\u00d7400 mm; 19.6\u00d721.6\u00d715.7 in (X\u00d7Y\u00d7Z)<br \/>\nPower consumption PLA settings: 80W \/ ABS settings: 120W<\/p>\n<p>Consumable parts, such as PEI sheets (smooth, textured, etc.) are not covered by warranty as the coatings are designed to diminish over time unless failure has occurred due to a defect in materials or workmanship. Cosmetic damage, including but not limited to scratches, dents, cracks, or other cosmetic damage is also not covered by the warranty. Only defective sheets on arrival are covered by warranty.<\/p>\n<p><strong>Full Features List (January 2023 Edition):<\/strong><\/p>\n<p>Controller: EINSY RAMBo 8-bit board with Trinamic 2130 drivers (256 microstepping), co-developed with Ultimachine, sensorless homing for X and Y axes<br \/>\nMesh Bed Leveling: Advanced high-quality SuperPINDA sensor (Super Prusa INDuction Autoleveling sensor)<br \/>\nPrint sheet profiles: Firmware supports print sheet profiles to store Live Z calibration data to enable quick switching between different print sheets.<br \/>\nFilament sensor: IR sensor built-in, supports filament auto-loading. Print pauses when filament runs out.<br \/>\nPower Panic: Hardware-based, single G-code line accuracy<br \/>\nEthernet connection: via Raspberry Pi (optional)<br \/>\nWi-Fi connection: via Raspberry Pi (optional)<br \/>\nAdvanced sensors: 3 thermistors, fans RPM monitoring, SuperPINDA<br \/>\nCalibration: Automatic, Mesh Bed Leveling, SelfTest<br \/>\nPrint medium: SD card (16 GB card included)<br \/>\nFirmware update: via PC (USB cable)<br \/>\nPSU: Custom-made Delta PSU with hardware-based power panic<br \/>\nAdvanced features: Automatic filament loading, steel sheet profiles, Octoprint compatibility.<\/p>\n<p><strong><span data-preserver-spaces=\"true\">Creality Warranty Policy<\/span><\/strong><\/p>\n<ul>\n<li><span data-preserver-spaces=\"true\">1-year limited product warranty. The limited warranty will initiate from the date of purchase.<\/span><\/li>\n<li><span data-preserver-spaces=\"true\">A 3-month limited warranty applies to vulnerable parts, i.e., module, flat belt, glass platform, etc.<\/span><\/li>\n<li><span data-preserver-spaces=\"true\">No warranty will be on complementary gift offers with the purchased products, i.e., storage card, card reader, wrench, pliers, scraper knife, etc.<\/span><\/li>\n<\/ul>\n","protected":false},"excerpt":{"rendered":"<p>Buy an Original Prusa i3 MK3S+ 3D printer. The i3 MK3S+ is the most advanced and award-winning 3D printer of the Prusa brand with improved capabilities. It comes up with the following key features:<\/p>\n<ul>\n<li><span data-preserver-spaces=\"true\">Easy to assemble.<\/span><\/li>\n<li><span data-preserver-spaces=\"true\">New SuperPINDA Probe for improved first layer calibration.<\/span><\/li>\n<li><span data-preserver-spaces=\"true\">High-quality bearings for smooth &amp; sleek performance.<\/span><\/li>\n<li><span data-preserver-spaces=\"true\">Removable print sheets.<\/span><\/li>\n<li><span data-preserver-spaces=\"true\">High-quality equipment.<\/span><\/li>\n<li><span data-preserver-spaces=\"true\">Recovery in case of power loss disruptions.<\/span><\/li>\n<li><span data-preserver-spaces=\"true\">Built-in filament sensor.<\/span><\/li>\n<li><span data-preserver-spaces=\"true\">Compatible with a wide range of filament materials.<\/span><\/li>\n<li><span data-preserver-spaces=\"true\">Mesh bed leveling to compensate for imperfetions.<\/span><\/li>\n<li><span data-preserver-spaces=\"true\">Equipped with PursaSlicer.\u00a0<\/span><\/li>\n<li><span data-preserver-spaces=\"true\">Easy maintenance of the 3D printer.<\/span><\/li>\n<li><span data-preserver-spaces=\"true\">Open-source hardware &amp; firmware.<\/span><\/li>\n<\/ul>\n","protected":false},"featured_media":15807,"template":"","meta":{"_acf_changed":false},"product_brand":[],"product_cat":[244,546],"product_tag":[],"class_list":{"0":"post-17118","1":"product","2":"type-product","3":"status-publish","4":"has-post-thumbnail","6":"product_cat-244","7":"product_cat--fdm-fff-ar","9":"first","10":"outofstock","11":"taxable","12":"shipping-taxable","13":"purchasable","14":"product-type-simple"},"bundled_by":[],"bundle_stock_status":"outofstock","bundle_stock_quantity":0,"bundle_virtual":false,"bundle_layout":"","bundle_add_to_cart_form_location":"","bundle_editable_in_cart":false,"bundle_sold_individually_context":"","bundle_item_grouping":"","bundle_min_size":"","bundle_max_size":"","bundled_items":[],"bundle_sell_ids":[],"acf":[],"yoast_head":"<!-- This site is optimized with the Yoast SEO plugin v26.3 - https:\/\/yoast.com\/wordpress\/plugins\/seo\/ -->\n<title>\u0628\u0631\u0648\u0633\u0627 \u0622\u064a 3 MK3S+ \u0637\u0627\u0628\u0639\u0629 \u062b\u0644\u0627\u062b\u064a\u0629 \u0627\u0644\u0623\u0628\u0639\u0627\u062f - 3D voxel \u0641\u0648\u0643\u0633\u0644<\/title>\n<meta name=\"robots\" content=\"index, follow, max-snippet:-1, max-image-preview:large, max-video-preview:-1\" \/>\n<link rel=\"canonical\" href=\"https:\/\/voxelsa.com\/ar\/\u0645\u0646\u062a\u062c\/\u0628\u0631\u0648\u0633\u0627-\u0622\u064a-3-mk3s-\u0637\u0627\u0628\u0639\u0629-\u062b\u0644\u0627\u062b\u064a\u0629-\u0627\u0644\u0623\u0628\u0639\u0627\u062f\/\" \/>\n<meta property=\"og:locale\" content=\"ar_AR\" \/>\n<meta property=\"og:type\" content=\"article\" \/>\n<meta property=\"og:title\" content=\"\u0628\u0631\u0648\u0633\u0627 \u0622\u064a 3 MK3S+ \u0637\u0627\u0628\u0639\u0629 \u062b\u0644\u0627\u062b\u064a\u0629 \u0627\u0644\u0623\u0628\u0639\u0627\u062f - 3D voxel \u0641\u0648\u0643\u0633\u0644\" \/>\n<meta property=\"og:description\" content=\"Buy an Original Prusa i3 MK3S+ 3D printer. The i3 MK3S+ is the most advanced and award-winning 3D printer of the Prusa brand with improved capabilities. It comes up with the following key features:   Easy to assemble.  New SuperPINDA Probe for improved first layer calibration.  High-quality bearings for smooth &amp; sleek performance.  Removable print sheets.  High-quality equipment.  Recovery in case of power loss disruptions.  Built-in filament sensor.  Compatible with a wide range of filament materials.  Mesh bed leveling to compensate for imperfetions.  Equipped with PursaSlicer.\u00a0  Easy maintenance of the 3D printer.  Open-source hardware &amp; firmware.\" \/>\n<meta property=\"og:url\" content=\"https:\/\/voxelsa.com\/ar\/\u0645\u0646\u062a\u062c\/\u0628\u0631\u0648\u0633\u0627-\u0622\u064a-3-mk3s-\u0637\u0627\u0628\u0639\u0629-\u062b\u0644\u0627\u062b\u064a\u0629-\u0627\u0644\u0623\u0628\u0639\u0627\u062f\/\" \/>\n<meta property=\"og:site_name\" content=\"3D voxel \u0641\u0648\u0643\u0633\u0644\" \/>\n<meta property=\"article:modified_time\" content=\"2023-07-27T15:27:45+00:00\" \/>\n<meta property=\"og:image\" content=\"https:\/\/voxelsa.com\/wp-content\/uploads\/2023\/01\/original-prusa-i3-mk3s-kit-3d-printer.jpg\" \/>\n\t<meta property=\"og:image:width\" content=\"800\" \/>\n\t<meta property=\"og:image:height\" content=\"800\" \/>\n\t<meta property=\"og:image:type\" content=\"image\/jpeg\" \/>\n<meta name=\"twitter:card\" content=\"summary_large_image\" \/>\n<meta name=\"twitter:site\" content=\"@KsaVoxel\" \/>\n<meta name=\"twitter:label1\" content=\"\u0648\u0642\u062a \u0627\u0644\u0642\u0631\u0627\u0621\u0629 \u0627\u0644\u0645\u064f\u0642\u062f\u0651\u0631\" \/>\n\t<meta name=\"twitter:data1\" content=\"\u062f\u0642\u064a\u0642\u062a\u0627\u0646\" \/>\n<script type=\"application\/ld+json\" class=\"yoast-schema-graph\">{\"@context\":\"https:\/\/schema.org\",\"@graph\":[{\"@type\":\"WebPage\",\"@id\":\"https:\/\/voxelsa.com\/ar\/\u0645\u0646\u062a\u062c\/%d8%a8%d8%b1%d9%88%d8%b3%d8%a7-%d8%a2%d9%8a-3-mk3s-%d8%b7%d8%a7%d8%a8%d8%b9%d8%a9-%d8%ab%d9%84%d8%a7%d8%ab%d9%8a%d8%a9-%d8%a7%d9%84%d8%a3%d8%a8%d8%b9%d8%a7%d8%af\/\",\"url\":\"https:\/\/voxelsa.com\/ar\/\u0645\u0646\u062a\u062c\/%d8%a8%d8%b1%d9%88%d8%b3%d8%a7-%d8%a2%d9%8a-3-mk3s-%d8%b7%d8%a7%d8%a8%d8%b9%d8%a9-%d8%ab%d9%84%d8%a7%d8%ab%d9%8a%d8%a9-%d8%a7%d9%84%d8%a3%d8%a8%d8%b9%d8%a7%d8%af\/\",\"name\":\"\u0628\u0631\u0648\u0633\u0627 \u0622\u064a 3 MK3S+ \u0637\u0627\u0628\u0639\u0629 \u062b\u0644\u0627\u062b\u064a\u0629 \u0627\u0644\u0623\u0628\u0639\u0627\u062f - 3D voxel \u0641\u0648\u0643\u0633\u0644\",\"isPartOf\":{\"@id\":\"https:\/\/voxelsa.com\/ar\/#website\"},\"primaryImageOfPage\":{\"@id\":\"https:\/\/voxelsa.com\/ar\/\u0645\u0646\u062a\u062c\/%d8%a8%d8%b1%d9%88%d8%b3%d8%a7-%d8%a2%d9%8a-3-mk3s-%d8%b7%d8%a7%d8%a8%d8%b9%d8%a9-%d8%ab%d9%84%d8%a7%d8%ab%d9%8a%d8%a9-%d8%a7%d9%84%d8%a3%d8%a8%d8%b9%d8%a7%d8%af\/#primaryimage\"},\"image\":{\"@id\":\"https:\/\/voxelsa.com\/ar\/\u0645\u0646\u062a\u062c\/%d8%a8%d8%b1%d9%88%d8%b3%d8%a7-%d8%a2%d9%8a-3-mk3s-%d8%b7%d8%a7%d8%a8%d8%b9%d8%a9-%d8%ab%d9%84%d8%a7%d8%ab%d9%8a%d8%a9-%d8%a7%d9%84%d8%a3%d8%a8%d8%b9%d8%a7%d8%af\/#primaryimage\"},\"thumbnailUrl\":\"https:\/\/voxelsa.com\/wp-content\/uploads\/2023\/01\/original-prusa-i3-mk3s-kit-3d-printer.jpg\",\"datePublished\":\"2023-07-27T15:27:44+00:00\",\"dateModified\":\"2023-07-27T15:27:45+00:00\",\"breadcrumb\":{\"@id\":\"https:\/\/voxelsa.com\/ar\/\u0645\u0646\u062a\u062c\/%d8%a8%d8%b1%d9%88%d8%b3%d8%a7-%d8%a2%d9%8a-3-mk3s-%d8%b7%d8%a7%d8%a8%d8%b9%d8%a9-%d8%ab%d9%84%d8%a7%d8%ab%d9%8a%d8%a9-%d8%a7%d9%84%d8%a3%d8%a8%d8%b9%d8%a7%d8%af\/#breadcrumb\"},\"inLanguage\":\"ar\",\"potentialAction\":[{\"@type\":\"ReadAction\",\"target\":[\"https:\/\/voxelsa.com\/ar\/\u0645\u0646\u062a\u062c\/%d8%a8%d8%b1%d9%88%d8%b3%d8%a7-%d8%a2%d9%8a-3-mk3s-%d8%b7%d8%a7%d8%a8%d8%b9%d8%a9-%d8%ab%d9%84%d8%a7%d8%ab%d9%8a%d8%a9-%d8%a7%d9%84%d8%a3%d8%a8%d8%b9%d8%a7%d8%af\/\"]}]},{\"@type\":\"ImageObject\",\"inLanguage\":\"ar\",\"@id\":\"https:\/\/voxelsa.com\/ar\/\u0645\u0646\u062a\u062c\/%d8%a8%d8%b1%d9%88%d8%b3%d8%a7-%d8%a2%d9%8a-3-mk3s-%d8%b7%d8%a7%d8%a8%d8%b9%d8%a9-%d8%ab%d9%84%d8%a7%d8%ab%d9%8a%d8%a9-%d8%a7%d9%84%d8%a3%d8%a8%d8%b9%d8%a7%d8%af\/#primaryimage\",\"url\":\"https:\/\/voxelsa.com\/wp-content\/uploads\/2023\/01\/original-prusa-i3-mk3s-kit-3d-printer.jpg\",\"contentUrl\":\"https:\/\/voxelsa.com\/wp-content\/uploads\/2023\/01\/original-prusa-i3-mk3s-kit-3d-printer.jpg\",\"width\":800,\"height\":800,\"caption\":\"Original Pursa i3 MK3s+ Kit 3D Printer\"},{\"@type\":\"BreadcrumbList\",\"@id\":\"https:\/\/voxelsa.com\/ar\/\u0645\u0646\u062a\u062c\/%d8%a8%d8%b1%d9%88%d8%b3%d8%a7-%d8%a2%d9%8a-3-mk3s-%d8%b7%d8%a7%d8%a8%d8%b9%d8%a9-%d8%ab%d9%84%d8%a7%d8%ab%d9%8a%d8%a9-%d8%a7%d9%84%d8%a3%d8%a8%d8%b9%d8%a7%d8%af\/#breadcrumb\",\"itemListElement\":[{\"@type\":\"ListItem\",\"position\":1,\"name\":\"Home\",\"item\":\"https:\/\/voxelsa.com\/ar\/\"},{\"@type\":\"ListItem\",\"position\":2,\"name\":\"\u0627\u0644\u0645\u062a\u062c\u0631\",\"item\":\"https:\/\/voxelsa.com\/ar\/%d8%a7%d9%84%d9%85%d8%aa%d8%ac%d8%b1\/\"},{\"@type\":\"ListItem\",\"position\":3,\"name\":\"\u0628\u0631\u0648\u0633\u0627 \u0622\u064a 3 MK3S+ \u0637\u0627\u0628\u0639\u0629 \u062b\u0644\u0627\u062b\u064a\u0629 \u0627\u0644\u0623\u0628\u0639\u0627\u062f\"}]},{\"@type\":\"WebSite\",\"@id\":\"https:\/\/voxelsa.com\/ar\/#website\",\"url\":\"https:\/\/voxelsa.com\/ar\/\",\"name\":\"3D voxel \u0641\u0648\u0643\u0633\u0644\",\"description\":\"\u0637\u0627\u0628\u0639\u0627\u062a \u062b\u0644\u0627\u062b\u064a\u0629 \u0627\u0644\u0623\u0628\u0639\u0627\u062f\",\"potentialAction\":[{\"@type\":\"SearchAction\",\"target\":{\"@type\":\"EntryPoint\",\"urlTemplate\":\"https:\/\/voxelsa.com\/ar\/?s={search_term_string}\"},\"query-input\":{\"@type\":\"PropertyValueSpecification\",\"valueRequired\":true,\"valueName\":\"search_term_string\"}}],\"inLanguage\":\"ar\"}]}<\/script>\n<!-- \/ Yoast SEO plugin. -->","yoast_head_json":{"title":"\u0628\u0631\u0648\u0633\u0627 \u0622\u064a 3 MK3S+ \u0637\u0627\u0628\u0639\u0629 \u062b\u0644\u0627\u062b\u064a\u0629 \u0627\u0644\u0623\u0628\u0639\u0627\u062f - 3D voxel \u0641\u0648\u0643\u0633\u0644","robots":{"index":"index","follow":"follow","max-snippet":"max-snippet:-1","max-image-preview":"max-image-preview:large","max-video-preview":"max-video-preview:-1"},"canonical":"https:\/\/voxelsa.com\/ar\/\u0645\u0646\u062a\u062c\/\u0628\u0631\u0648\u0633\u0627-\u0622\u064a-3-mk3s-\u0637\u0627\u0628\u0639\u0629-\u062b\u0644\u0627\u062b\u064a\u0629-\u0627\u0644\u0623\u0628\u0639\u0627\u062f\/","og_locale":"ar_AR","og_type":"article","og_title":"\u0628\u0631\u0648\u0633\u0627 \u0622\u064a 3 MK3S+ \u0637\u0627\u0628\u0639\u0629 \u062b\u0644\u0627\u062b\u064a\u0629 \u0627\u0644\u0623\u0628\u0639\u0627\u062f - 3D voxel \u0641\u0648\u0643\u0633\u0644","og_description":"Buy an Original Prusa i3 MK3S+ 3D printer. The i3 MK3S+ is the most advanced and award-winning 3D printer of the Prusa brand with improved capabilities. It comes up with the following key features:   Easy to assemble.  New SuperPINDA Probe for improved first layer calibration.  High-quality bearings for smooth &amp; sleek performance.  Removable print sheets.  High-quality equipment.  Recovery in case of power loss disruptions.  Built-in filament sensor.  Compatible with a wide range of filament materials.  Mesh bed leveling to compensate for imperfetions.  Equipped with PursaSlicer.\u00a0  Easy maintenance of the 3D printer.  Open-source hardware &amp; firmware.","og_url":"https:\/\/voxelsa.com\/ar\/\u0645\u0646\u062a\u062c\/\u0628\u0631\u0648\u0633\u0627-\u0622\u064a-3-mk3s-\u0637\u0627\u0628\u0639\u0629-\u062b\u0644\u0627\u062b\u064a\u0629-\u0627\u0644\u0623\u0628\u0639\u0627\u062f\/","og_site_name":"3D voxel \u0641\u0648\u0643\u0633\u0644","article_modified_time":"2023-07-27T15:27:45+00:00","og_image":[{"width":800,"height":800,"url":"https:\/\/voxelsa.com\/wp-content\/uploads\/2023\/01\/original-prusa-i3-mk3s-kit-3d-printer.jpg","type":"image\/jpeg"}],"twitter_card":"summary_large_image","twitter_site":"@KsaVoxel","twitter_misc":{"\u0648\u0642\u062a \u0627\u0644\u0642\u0631\u0627\u0621\u0629 \u0627\u0644\u0645\u064f\u0642\u062f\u0651\u0631":"\u062f\u0642\u064a\u0642\u062a\u0627\u0646"},"schema":{"@context":"https:\/\/schema.org","@graph":[{"@type":"WebPage","@id":"https:\/\/voxelsa.com\/ar\/\u0645\u0646\u062a\u062c\/%d8%a8%d8%b1%d9%88%d8%b3%d8%a7-%d8%a2%d9%8a-3-mk3s-%d8%b7%d8%a7%d8%a8%d8%b9%d8%a9-%d8%ab%d9%84%d8%a7%d8%ab%d9%8a%d8%a9-%d8%a7%d9%84%d8%a3%d8%a8%d8%b9%d8%a7%d8%af\/","url":"https:\/\/voxelsa.com\/ar\/\u0645\u0646\u062a\u062c\/%d8%a8%d8%b1%d9%88%d8%b3%d8%a7-%d8%a2%d9%8a-3-mk3s-%d8%b7%d8%a7%d8%a8%d8%b9%d8%a9-%d8%ab%d9%84%d8%a7%d8%ab%d9%8a%d8%a9-%d8%a7%d9%84%d8%a3%d8%a8%d8%b9%d8%a7%d8%af\/","name":"\u0628\u0631\u0648\u0633\u0627 \u0622\u064a 3 MK3S+ \u0637\u0627\u0628\u0639\u0629 \u062b\u0644\u0627\u062b\u064a\u0629 \u0627\u0644\u0623\u0628\u0639\u0627\u062f - 3D voxel \u0641\u0648\u0643\u0633\u0644","isPartOf":{"@id":"https:\/\/voxelsa.com\/ar\/#website"},"primaryImageOfPage":{"@id":"https:\/\/voxelsa.com\/ar\/\u0645\u0646\u062a\u062c\/%d8%a8%d8%b1%d9%88%d8%b3%d8%a7-%d8%a2%d9%8a-3-mk3s-%d8%b7%d8%a7%d8%a8%d8%b9%d8%a9-%d8%ab%d9%84%d8%a7%d8%ab%d9%8a%d8%a9-%d8%a7%d9%84%d8%a3%d8%a8%d8%b9%d8%a7%d8%af\/#primaryimage"},"image":{"@id":"https:\/\/voxelsa.com\/ar\/\u0645\u0646\u062a\u062c\/%d8%a8%d8%b1%d9%88%d8%b3%d8%a7-%d8%a2%d9%8a-3-mk3s-%d8%b7%d8%a7%d8%a8%d8%b9%d8%a9-%d8%ab%d9%84%d8%a7%d8%ab%d9%8a%d8%a9-%d8%a7%d9%84%d8%a3%d8%a8%d8%b9%d8%a7%d8%af\/#primaryimage"},"thumbnailUrl":"https:\/\/voxelsa.com\/wp-content\/uploads\/2023\/01\/original-prusa-i3-mk3s-kit-3d-printer.jpg","datePublished":"2023-07-27T15:27:44+00:00","dateModified":"2023-07-27T15:27:45+00:00","breadcrumb":{"@id":"https:\/\/voxelsa.com\/ar\/\u0645\u0646\u062a\u062c\/%d8%a8%d8%b1%d9%88%d8%b3%d8%a7-%d8%a2%d9%8a-3-mk3s-%d8%b7%d8%a7%d8%a8%d8%b9%d8%a9-%d8%ab%d9%84%d8%a7%d8%ab%d9%8a%d8%a9-%d8%a7%d9%84%d8%a3%d8%a8%d8%b9%d8%a7%d8%af\/#breadcrumb"},"inLanguage":"ar","potentialAction":[{"@type":"ReadAction","target":["https:\/\/voxelsa.com\/ar\/\u0645\u0646\u062a\u062c\/%d8%a8%d8%b1%d9%88%d8%b3%d8%a7-%d8%a2%d9%8a-3-mk3s-%d8%b7%d8%a7%d8%a8%d8%b9%d8%a9-%d8%ab%d9%84%d8%a7%d8%ab%d9%8a%d8%a9-%d8%a7%d9%84%d8%a3%d8%a8%d8%b9%d8%a7%d8%af\/"]}]},{"@type":"ImageObject","inLanguage":"ar","@id":"https:\/\/voxelsa.com\/ar\/\u0645\u0646\u062a\u062c\/%d8%a8%d8%b1%d9%88%d8%b3%d8%a7-%d8%a2%d9%8a-3-mk3s-%d8%b7%d8%a7%d8%a8%d8%b9%d8%a9-%d8%ab%d9%84%d8%a7%d8%ab%d9%8a%d8%a9-%d8%a7%d9%84%d8%a3%d8%a8%d8%b9%d8%a7%d8%af\/#primaryimage","url":"https:\/\/voxelsa.com\/wp-content\/uploads\/2023\/01\/original-prusa-i3-mk3s-kit-3d-printer.jpg","contentUrl":"https:\/\/voxelsa.com\/wp-content\/uploads\/2023\/01\/original-prusa-i3-mk3s-kit-3d-printer.jpg","width":800,"height":800,"caption":"Original Pursa i3 MK3s+ Kit 3D Printer"},{"@type":"BreadcrumbList","@id":"https:\/\/voxelsa.com\/ar\/\u0645\u0646\u062a\u062c\/%d8%a8%d8%b1%d9%88%d8%b3%d8%a7-%d8%a2%d9%8a-3-mk3s-%d8%b7%d8%a7%d8%a8%d8%b9%d8%a9-%d8%ab%d9%84%d8%a7%d8%ab%d9%8a%d8%a9-%d8%a7%d9%84%d8%a3%d8%a8%d8%b9%d8%a7%d8%af\/#breadcrumb","itemListElement":[{"@type":"ListItem","position":1,"name":"Home","item":"https:\/\/voxelsa.com\/ar\/"},{"@type":"ListItem","position":2,"name":"\u0627\u0644\u0645\u062a\u062c\u0631","item":"https:\/\/voxelsa.com\/ar\/%d8%a7%d9%84%d9%85%d8%aa%d8%ac%d8%b1\/"},{"@type":"ListItem","position":3,"name":"\u0628\u0631\u0648\u0633\u0627 \u0622\u064a 3 MK3S+ \u0637\u0627\u0628\u0639\u0629 \u062b\u0644\u0627\u062b\u064a\u0629 \u0627\u0644\u0623\u0628\u0639\u0627\u062f"}]},{"@type":"WebSite","@id":"https:\/\/voxelsa.com\/ar\/#website","url":"https:\/\/voxelsa.com\/ar\/","name":"3D voxel \u0641\u0648\u0643\u0633\u0644","description":"\u0637\u0627\u0628\u0639\u0627\u062a \u062b\u0644\u0627\u062b\u064a\u0629 \u0627\u0644\u0623\u0628\u0639\u0627\u062f","potentialAction":[{"@type":"SearchAction","target":{"@type":"EntryPoint","urlTemplate":"https:\/\/voxelsa.com\/ar\/?s={search_term_string}"},"query-input":{"@type":"PropertyValueSpecification","valueRequired":true,"valueName":"search_term_string"}}],"inLanguage":"ar"}]}},"_links":{"self":[{"href":"https:\/\/voxelsa.com\/ar\/wp-json\/wp\/v2\/product\/17118","targetHints":{"allow":["GET"]}}],"collection":[{"href":"https:\/\/voxelsa.com\/ar\/wp-json\/wp\/v2\/product"}],"about":[{"href":"https:\/\/voxelsa.com\/ar\/wp-json\/wp\/v2\/types\/product"}],"wp:featuredmedia":[{"embeddable":true,"href":"https:\/\/voxelsa.com\/ar\/wp-json\/wp\/v2\/media\/15807"}],"wp:attachment":[{"href":"https:\/\/voxelsa.com\/ar\/wp-json\/wp\/v2\/media?parent=17118"}],"wp:term":[{"taxonomy":"product_brand","embeddable":true,"href":"https:\/\/voxelsa.com\/ar\/wp-json\/wp\/v2\/product_brand?post=17118"},{"taxonomy":"product_cat","embeddable":true,"href":"https:\/\/voxelsa.com\/ar\/wp-json\/wp\/v2\/product_cat?post=17118"},{"taxonomy":"product_tag","embeddable":true,"href":"https:\/\/voxelsa.com\/ar\/wp-json\/wp\/v2\/product_tag?post=17118"}],"curies":[{"name":"wp","href":"https:\/\/api.w.org\/{rel}","templated":true}]}}